{"id":104,"date":"2024-03-24T14:23:54","date_gmt":"2024-03-24T07:23:54","guid":{"rendered":"https:\/\/new.chanhthu.com\/?post_type=product&#038;p=104"},"modified":"2026-02-12T13:56:04","modified_gmt":"2026-02-12T06:56:04","slug":"chom-chom","status":"publish","type":"product","link":"https:\/\/chanhthu.com\/en\/chom-chom\/","title":{"rendered":"Rambutan"},"content":{"rendered":"<p style=\"text-align: justify;\">Rambutan is a tropical fruit and its name originates from its hair on the rind. Rambutan is mainly grown in the Mekong Delta, especially in Ben Tre.<\/p>\n<p style=\"text-align: justify;\">T\u1eeb n\u0103m 2011, ch\u00f4ng ch\u00f4m \u0111\u00e3 \u0111\u01b0\u1ee3c xu\u1ea5t kh\u1ea9u sang th\u1ecb tr\u01b0\u1eddng M\u1ef9 v\u00e0 \u0111\u01b0\u1ee3c s\u1ef1 y\u00eau th\u00edch t\u1eeb ng\u01b0\u1eddi ti\u00eau d\u00f9ng. Hi\u1ec7n t\u1ea1i, lo\u1ea1i qu\u1ea3 n\u00e0y l\u00e0 m\u1eb7t h\u00e0ng xu\u1ea5t kh\u1ea9u ch\u1ee7 l\u1ef1c c\u1ee7a c\u00f4ng ty Ch\u00e1nh Thu. C\u00f4ng ty \u0111\u00e3 li\u00ean k\u1ebft v\u1edbi\u00a03 v\u00f9ng tr\u1ed3ng \u0111\u1ea1t ti\u00eau chu\u1ea9n <strong>VietGAP <\/strong>, and 6 growing areas granted <strong>US Code<\/strong>.<\/p>\n<p style=\"text-align: justify;\">Rambutan is a familiar fruit in daily life. Ripe rambutan has bright red skin and gives off a fragrance, and its flesh is succulent, crispy, and lightly sweet. After you peel a rambutan and enjoy its deliciousness, you will want to peel the second and third fruit. In addition to its attractive taste and fragrance, rambutan also contains many nutrients such as vitamin C, copper, manganese, potassium, calcium, iron, phosphorus, fiber, etc., so it is very good for health and useful in beauty for women.<\/p>\n<p style=\"text-align: justify;\">Many women are afraid that eating rambutan will increase heat in their bodies. If you only eat a certain amount of fruit per day, there will be no heating effect, but very effective for beauty.<\/p>\n<ul style=\"text-align: justify;\">\n<li>Skin beautification: With a high content of water and antioxidants, rambutan is very good to make the skin soft, smooth, and healthy.<\/li>\n<li>Hair beautification: You can recover your lifeless hair by crushing rambutan leaves and mixing them with a little water, then applying this mixture to your hair for about 15 minutes. The active ingredients in rambutan leaves will nourish and make your hair healthy and beautiful every day after a regular period of use.<\/li>\n<\/ul>\n<p style=\"text-align: justify;\">In addition, other parts of the rambutan tree can also prevent and treat many diseases such as:<\/p>\n<ul>\n<li style=\"text-align: justify;\">Treatment of high blood pressure and diabetes: this is a traditional method of Indonesian and Malaysian people for decades. Steps of implementation: Take five roasted rambutan seeds and pound them into powder, pour boiling water and stir well, let cool and drink 1-2 times per day.<\/li>\n<li style=\"text-align: justify;\">Stimulation of blood cells: Rambutan also contains copper and iron, which are necessary to stimulate the production of red and white blood cells, thereby controlling dizziness and fatigue due to anemia.<\/li>\n<li style=\"text-align: justify;\">Removal of toxins in the kidney: The waste and toxins in the kidney can be eliminated easily through support from a large amount of phosphorus in rambutan - an essential substance for the growth, repair, maintenance, and stimulation of body tissues.<\/li>\n<\/ul>","protected":false},"excerpt":{"rendered":"<p><strong>Contact 24\/7<\/strong><br \/>\n<em>Email:<\/em> sales@chanhthu.com<br \/>\n<em>Hotline:<\/em> 0889.269.777<\/p>\n<p>&nbsp;<\/p>\n<h4><strong>Thai Rambutan &amp; Nhan Rambutan<\/strong><\/h4>\n<table style=\"width: 100%;\" border=\"1\">\n<tbody>\n<tr>\n<td style=\"text-align: center;\"><\/td>\n<td style=\"text-align: center;\">Thai Rambutan<\/td>\n<td style=\"text-align: center;\">Nhan Rambutan<\/td>\n<\/tr>\n<tr>\n<td style=\"text-align: center;\">Brix<\/td>\n<td style=\"text-align: center;\">18 &#8211; 22%<\/td>\n<td style=\"text-align: center;\">18 &#8211; 22%<\/td>\n<\/tr>\n<tr>\n<td style=\"text-align: center;\">Size<\/td>\n<td style=\"text-align: center;\">28 &#8211; 32 fruits\/kg<\/td>\n<td style=\"text-align: center;\">28 &#8211; 35 fruits\/kg<\/td>\n<\/tr>\n<tr>\n<td style=\"text-align: center;\">Ingredients<\/td>\n<td style=\"text-align: center;\">100% rambutan<\/td>\n<td style=\"text-align: center;\">100% rambutan<\/td>\n<\/tr>\n<tr>\n<td style=\"text-align: center;\">Seasons<\/td>\n<td style=\"text-align: center;\">Year-round<\/td>\n<td style=\"text-align: center;\">Year-round<\/td>\n<\/tr>\n<tr>\n<td style=\"text-align: center;\">Storage Condition<\/td>\n<td style=\"text-align: center;\">Fresh 16 \u00f7 18<sup>o <\/sup>C<\/td>\n<td style=\"text-align: center;\">Fresh 16 \u00f7 18<sup>o <\/sup>C<\/td>\n<\/tr>\n<tr>\n<td style=\"text-align: center;\">Shelf Life<\/td>\n<td style=\"text-align: center;\">Fresh 7 days<\/td>\n<td style=\"text-align: center;\">Fresh 7 days<\/td>\n<\/tr>\n<\/tbody>\n<\/table>\n<h4><strong>Java Rambutan<\/strong><\/h4>\n<table style=\"width: 100%;\" border=\"1\">\n<tbody>\n<tr>\n<td style=\"width: 34.5742%; text-align: center;\"><\/td>\n<td style=\"width: 64.443%; text-align: center;\">Java Rambutan<\/td>\n<\/tr>\n<tr>\n<td style=\"width: 34.5742%; text-align: center;\">Brix<\/td>\n<td style=\"width: 64.443%; text-align: center;\">18 &#8211; 22%<\/td>\n<\/tr>\n<tr>\n<td style=\"width: 34.5742%; text-align: center;\">Size<\/td>\n<td style=\"width: 64.443%; text-align: center;\">28 &#8211; 32 fruits\/kg<\/td>\n<\/tr>\n<tr>\n<td style=\"width: 34.5742%; text-align: center;\">Ingredients<\/td>\n<td style=\"width: 64.443%; text-align: center;\">100% rambutan<\/td>\n<\/tr>\n<tr>\n<td style=\"width: 34.5742%; text-align: center;\">Seasons<\/td>\n<td style=\"width: 64.443%; text-align: center;\">Year-round<\/td>\n<\/tr>\n<tr>\n<td style=\"width: 34.5742%; text-align: center;\">Storage Condition<\/td>\n<td style=\"width: 64.443%; text-align: center;\">Fresh 16 \u00f7 18<sup>o <\/sup>C<\/td>\n<\/tr>\n<tr>\n<td style=\"width: 34.5742%; text-align: center;\">Shelf Life<\/td>\n<td style=\"width: 64.443%; text-align: center;\">Fresh 7 days<\/td>\n<\/tr>\n<\/tbody>\n<\/table>","protected":false},"featured_media":107,"comment_status":"open","ping_status":"closed","template":"","meta":[],"product_brand":[],"product_cat":[20],"product_tag":[],"class_list":{"0":"post-104","1":"product","2":"type-product","3":"status-publish","4":"has-post-thumbnail","6":"product_cat-trai-cay-xuat-khau","8":"first","9":"instock","10":"shipping-taxable","11":"product-type-simple"},"_links":{"self":[{"href":"https:\/\/chanhthu.com\/en\/wp-json\/wp\/v2\/product\/104","targetHints":{"allow":["GET"]}}],"collection":[{"href":"https:\/\/chanhthu.com\/en\/wp-json\/wp\/v2\/product"}],"about":[{"href":"https:\/\/chanhthu.com\/en\/wp-json\/wp\/v2\/types\/product"}],"replies":[{"embeddable":true,"href":"https:\/\/chanhthu.com\/en\/wp-json\/wp\/v2\/comments?post=104"}],"wp:featuredmedia":[{"embeddable":true,"href":"https:\/\/chanhthu.com\/en\/wp-json\/wp\/v2\/media\/107"}],"wp:attachment":[{"href":"https:\/\/chanhthu.com\/en\/wp-json\/wp\/v2\/media?parent=104"}],"wp:term":[{"taxonomy":"product_brand","embeddable":true,"href":"https:\/\/chanhthu.com\/en\/wp-json\/wp\/v2\/product_brand?post=104"},{"taxonomy":"product_cat","embeddable":true,"href":"https:\/\/chanhthu.com\/en\/wp-json\/wp\/v2\/product_cat?post=104"},{"taxonomy":"product_tag","embeddable":true,"href":"https:\/\/chanhthu.com\/en\/wp-json\/wp\/v2\/product_tag?post=104"}],"curies":[{"name":"wp","href":"https:\/\/api.w.org\/{rel}","templated":true}]}}