{"id":120,"date":"2024-03-24T14:40:33","date_gmt":"2024-03-24T07:40:33","guid":{"rendered":"https:\/\/new.chanhthu.com\/?post_type=product&#038;p=120"},"modified":"2026-02-12T13:56:41","modified_gmt":"2026-02-12T06:56:41","slug":"nhan","status":"publish","type":"product","link":"https:\/\/chanhthu.com\/en\/nhan\/","title":{"rendered":"Longan"},"content":{"rendered":"<p style=\"text-align: justify;\">Nh\u00e3n l\u00e0 lo\u1ea1i qu\u1ea3 \u0111\u1eb7c s\u1ea3n c\u1ee7a Vi\u1ec7t Nam, mi\u1ec1n B\u1eafc c\u00f3 nh\u00e3n l\u1ed3ng, mi\u1ec1n Nam c\u00f3 nh\u00e3n ti\u00eau da b\u00f2, nh\u00e3n xu\u1ed3ng, nh\u00e3n edor,\u2026 V\u1edbi kh\u00ed h\u1eadu thu\u1eadn l\u1ee3i, ch\u1ee3 L\u00e1ch, B\u1ebfn Tre l\u00e0 v\u00f9ng \u0111\u1ea5t tr\u1ed3ng v\u00e0 xu\u1ea5t kh\u1ea9u nh\u00e3n nhi\u1ec1u nh\u1ea5t Nam B\u1ed9. Khai th\u00e1c l\u1ee3i th\u1ebf n\u00e0y, Ch\u00e1nh Thu \u0111\u00e3 xu\u1ea5t kh\u1ea9u qu\u1ea3 nh\u00e3n v\u00e0o th\u1ecb tr\u01b0\u1eddng M\u1ef9 n\u0103m 2015. Nh\u1eadn \u0111\u01b0\u1ee3c ph\u1ea3n h\u1ed3i t\u00edch c\u1ef1c t\u1eeb ng\u01b0\u1eddi ti\u00eau d\u00f9ng, Ch\u00e1nh Thu \u0111\u00e3 li\u00ean t\u1ee5c t\u0103ng s\u1ea3n l\u01b0\u1ee3ng xu\u1ea5t kh\u1ea9u. Hi\u1ec7n t\u1ea1i, \u0111\u1ec3 \u0111\u1ea3m b\u1ea3o s\u1ed1 l\u01b0\u1ee3ng v\u00e0 ch\u1ea5t l\u01b0\u1ee3ng qu\u1ea3 nh\u00e3n cung c\u1ea5p, Ch\u00e1nh Thu \u0111\u00e3 li\u00ean k\u1ebft \u0111\u01b0\u1ee3c v\u1edbi\u00a003 v\u00f9ng tr\u1ed3ng \u0111\u1ea1t ti\u00eau chu\u1ea9n <strong>VietGAP<\/strong>, and 06 growing areas receiving the <strong>US Code<\/strong>.<\/p>\n<p style=\"text-align: justify;\">Longan is a fruit that can be eaten fresh or dried, when ripe, it has a yellow color of each variety of longan. Thick and succulent longan flesh brings a strong sweetness to the tip of the tongue of the customer. Longan fruit is delicious and nutritious. According to the book recorded by Hai Thuong Lan Ong, longan is a highly valued medicine. He said that this is a medicine that drinks a lot, has a strong will, smart; Use it for a long time, it's light, and it's young for a long time. Fresh Longan pulp has 77.15% water, 0.01% ash, 0.13% fat, 1.47% protein, 20.55% water-soluble nitrogen compounds, 12.25% sucrose, vitamins A and B. Dried pulp (longan humiliation) contains 0.85% water, water-soluble 79.77%, water-insoluble 19.39%, ash 3.36%. In the water-soluble part, there is glucose at 26.91%, sucrose at 0.22%, and taetric acid at 1.26%. A substance with nitrogen is 6.309%. Longan seeds contain starch, saponins, fats, and tannins.<\/p>\n<p style=\"text-align: justify;\">Due to the lack of such nutrients, the fruit also cures many diseases:<\/p>\n<ul>\n<li style=\"text-align: justify;\">Stomach pain: Longan juice is known for its use in treating and preventing stomach pain, and memory loss. You can drink the juice directly from the fresh longan or soak the longan pulp in sugar water for a few weeks to get the juice and mix it with filtered water.<\/li>\n<li style=\"text-align: justify;\">Improve blood circulation: Longan enhances the absorption of iron in the body, helps limit anemia, and creates a pleasant feeling for the nervous system near the spleen and heart. In addition, longan also works to protect the body from the risk of diseases in the pancreas and is good for the female reproductive organs.<\/li>\n<li style=\"text-align: justify;\">Strengthens bones and joints: a 2013 study found that postmenopausal women with low levels of minerals like copper are more susceptible to osteoporosis in old age. It is recommended that adults consume 900 mg of copper per day. 100 g of fresh longan will provide 19%, while 100 g of dried longan contains up to 807 mg of copper, providing 90% of the amount of copper an adult should take in each day.Strengthens bones and joints: a 2013 study found that postmenopausal women with low levels of minerals like copper are more susceptible to osteoporosis in old age. It is recommended that adults consume 900 mg of copper per day. 100 g of fresh longan will provide 19%, while 100 g of dried longan contains up to 807 mg of copper, providing 90% of the amount of copper an adult should take in each day.<\/li>\n<li style=\"text-align: justify;\">Prevent eye problems: Riboflavin is an important vitamin in the B vitamins. Men need 1.3 mg of riboflavin per day, and women need 1.1 mg. According to a 2005 study, inadequate intake of riboflavin can increase the risk of eye disorders, especially cataracts. 100 g of fresh longan provides 0.14 mg of riboflavin, while 100 g of dried longan provides 0.5 mg. Prevent eye problems: Riboflavin is an important vitamin in the B vitamins. Men need 1.3 mg of riboflavin per day, and women need 1.1 mg. According to a 2005 study, inadequate intake of riboflavin can increase the risk of eye disorders, especially cataracts. 100 g of fresh longan provides 0.14 mg of riboflavin, while 100 g of dried longan provides 0.5 mg.<\/li>\n<\/ul>","protected":false},"excerpt":{"rendered":"<p><strong>Contact 24\/7<\/strong><br \/>\n<em>Email:<\/em> sales@chanhthu.com<br \/>\n<em>Hotline:<\/em> 0889.269.777<\/p>\n<table style=\"width: 100%;\" border=\"1\">\n<tbody>\n<tr>\n<td style=\"text-align: center;\"><\/td>\n<td style=\"text-align: center;\">Edawn Longan<\/td>\n<td style=\"text-align: center;\">Thanh An Longan<\/td>\n<\/tr>\n<tr>\n<td style=\"text-align: center;\">Brix<\/td>\n<td style=\"text-align: center;\">18-21%<\/td>\n<td style=\"text-align: center;\">18-21%<\/td>\n<\/tr>\n<tr>\n<td style=\"text-align: center;\">Size<\/td>\n<td style=\"text-align: center;\">Diameter &gt; 2.45cm<\/td>\n<td style=\"text-align: center;\">Diameter &gt; 2.45cm<\/td>\n<\/tr>\n<tr>\n<td style=\"text-align: center;\">Ingredients<\/td>\n<td style=\"text-align: center;\">100% longan<\/td>\n<td style=\"text-align: center;\">100% longan<\/td>\n<\/tr>\n<tr>\n<td style=\"text-align: center;\">Seasons<\/td>\n<td style=\"text-align: center;\">Year-round<\/td>\n<td style=\"text-align: center;\">Year-round<\/td>\n<\/tr>\n<tr>\n<td style=\"text-align: center;\">Storage Condition<\/td>\n<td style=\"text-align: center;\">Fresh 0\u00f7 2<sup>o <\/sup>C<br \/>\nFrozen -18 \u00f7 -22<sup>o <\/sup>C<\/td>\n<td style=\"text-align: center;\">Fresh 0 \u00f7 2<sup>o <\/sup>C<br \/>\nFrozen -18 \u00f7 -22<sup>o <\/sup>C<\/td>\n<\/tr>\n<tr>\n<td style=\"text-align: center;\">Shelf Life<\/td>\n<td style=\"text-align: center;\">Fresh 30 days<br \/>\nFrozen 24 months<\/td>\n<td style=\"text-align: center;\">Fresh 30 days<br \/>\nFrozen 24 months<\/td>\n<\/tr>\n<\/tbody>\n<\/table>","protected":false},"featured_media":122,"comment_status":"open","ping_status":"closed","template":"","meta":[],"product_brand":[],"product_cat":[20],"product_tag":[],"class_list":{"0":"post-120","1":"product","2":"type-product","3":"status-publish","4":"has-post-thumbnail","6":"product_cat-trai-cay-xuat-khau","8":"first","9":"instock","10":"shipping-taxable","11":"product-type-simple"},"_links":{"self":[{"href":"https:\/\/chanhthu.com\/en\/wp-json\/wp\/v2\/product\/120","targetHints":{"allow":["GET"]}}],"collection":[{"href":"https:\/\/chanhthu.com\/en\/wp-json\/wp\/v2\/product"}],"about":[{"href":"https:\/\/chanhthu.com\/en\/wp-json\/wp\/v2\/types\/product"}],"replies":[{"embeddable":true,"href":"https:\/\/chanhthu.com\/en\/wp-json\/wp\/v2\/comments?post=120"}],"wp:featuredmedia":[{"embeddable":true,"href":"https:\/\/chanhthu.com\/en\/wp-json\/wp\/v2\/media\/122"}],"wp:attachment":[{"href":"https:\/\/chanhthu.com\/en\/wp-json\/wp\/v2\/media?parent=120"}],"wp:term":[{"taxonomy":"product_brand","embeddable":true,"href":"https:\/\/chanhthu.com\/en\/wp-json\/wp\/v2\/product_brand?post=120"},{"taxonomy":"product_cat","embeddable":true,"href":"https:\/\/chanhthu.com\/en\/wp-json\/wp\/v2\/product_cat?post=120"},{"taxonomy":"product_tag","embeddable":true,"href":"https:\/\/chanhthu.com\/en\/wp-json\/wp\/v2\/product_tag?post=120"}],"curies":[{"name":"wp","href":"https:\/\/api.w.org\/{rel}","templated":true}]}}