{"id":124,"date":"2024-03-24T14:43:06","date_gmt":"2024-03-24T07:43:06","guid":{"rendered":"https:\/\/new.chanhthu.com\/?post_type=product&#038;p=124"},"modified":"2026-02-12T13:57:08","modified_gmt":"2026-02-12T06:57:08","slug":"thanh-long","status":"publish","type":"product","link":"https:\/\/chanhthu.com\/en\/thanh-long\/","title":{"rendered":"Dragon fruit"},"content":{"rendered":"<p style=\"text-align: justify;\">Thanh long l\u00e0 m\u1ed9t lo\u1ea1i c\u00e2y \u0103n qu\u1ea3 thu\u1ed9c h\u1ecd x\u01b0\u01a1ng r\u1ed3ng c\u00f3 ngu\u1ed3n g\u1ed1c t\u1eeb mexico. T\u1ea1i Vi\u1ec7t Nam, thanh long ph\u00f9 h\u1ee3p v\u1edbi kh\u00ed h\u1eadu v\u00e0 th\u1ed5 nh\u01b0\u1ee1ng c\u1ee7a v\u00f9ng \u0111\u1ed3ng b\u1eb1ng s\u00f4ng C\u1eedu Long n\u00ean mang h\u01b0\u01a1ng v\u1ecb \u0111\u1eb7c s\u1eafc. Hi\u1ec7n t\u1ea1i, Ch\u00e1nh Thu \u0111ang \u0111\u1ea9y m\u1ea1nh xu\u1ea5t kh\u1ea9u lo\u1ea1i qu\u1ea3 n\u00e0y v\u1edbi s\u1ef1 li\u00ean k\u1ebft c\u00f9ng 1 v\u00f9ng tr\u1ed3ng \u0111\u01b0\u1ee3c c\u1ea5p <strong>US Code<\/strong>. The ripe dragon fruit has red skin, and its flesh has 2 types based on color characteristics: red flesh dragon fruit and white flesh dragon fruit.<\/p>\n<p style=\"text-align: justify;\">Dragon fruit is highly appreciated for its nutritional value. According to a study by Life Hack, one dragon fruit averagely contains about 60 calories, 60 mg of sodium, 8 g of sugar, 2 g of unsaturated fat, and 2 g of protein, as well as vitamins C, B1, B2, and B3, and essential minerals including phosphorus, iron, and calcium. 100 g of dragon fruit provides 21 mg of vitamin C, equivalent to 34% of vitamin C needed per day, and 3 g of fiber, equivalent to 12% of the daily fiber needs. Therefore, dragon fruit is very effective to treat many diseases as follows.<\/p>\n<ul style=\"text-align: justify;\">\n<li>Aids in digestion: Dragon fruit can also cleanse the digestive system, improve poor digestion, and relieve constipation thanks to its high fiber content.<\/li>\n<li>Prevention of diabetes: The abundant fiber in dragon fruit can control blood sugar and prevent the risk of diabetes, and work for people with this disease.<\/li>\n<li>Relief of arthritis: Arthritis is a disease directly affecting and irritating the joints, even paralysis. Eating dragon fruit as a supplement in your daily diet can support anti-inflammation and reduce arthritis.<\/li>\n<\/ul>\n<p style=\"text-align: justify;\">Some other beauty effects:<\/p>\n<ul>\n<li style=\"text-align: justify;\">Reduced signs of aging: The antioxidants of dragon fruit reduce the effects of free radicals that damage body cells to give you smooth and youthful skin. You can use a dragon fruit mask combined with honey to prevent skin aging.<\/li>\n<li style=\"text-align: justify;\">Acne treatment: This fruit is rich in vitamin C, so it can be considered an effective natural topical ointment for acne treatment. You can crush dragon fruit and apply it on acne spots for about 10 minutes, then wash it with water. Do it twice a day to get the best results.<\/li>\n<li style=\"text-align: justify;\">Treatment of sunburn: By mixing dragon fruit with cucumber and honey, you will have a mixture to soothe sunburned skin. The abundant amount of vitamin B3 in dragon fruit can moisturize the skin, and release heat in the affected skin areas.<\/li>\n<li style=\"text-align: justify;\">Treatment of minor burns: According to Style Craze, you just need to peel off the skin and spines of the dragon fruit tree, wash it with dilute salt water, pound it to leach, or use residue to apply to the burn for burned area relief.<\/li>\n<\/ul>","protected":false},"excerpt":{"rendered":"<p><strong>Contact 24\/7<\/strong><\/p>\n<p><em>Email:<\/em> sales@chanhthu.com<br \/>\n<em>Hotline:<\/em> 0889.269.777<\/p>\n<table style=\"width: 100%;\" border=\"1\">\n<tbody>\n<tr>\n<td><\/td>\n<td style=\"text-align: center;\">White Flesh Dragon Fruit<\/td>\n<td style=\"text-align: center;\">Red Flesh Dragon Fruit<\/td>\n<\/tr>\n<tr>\n<td style=\"text-align: center;\">Brix<\/td>\n<td style=\"text-align: center;\">13-15%<\/td>\n<td style=\"text-align: center;\">18-21%<\/td>\n<\/tr>\n<tr>\n<td style=\"text-align: center;\">Size<\/td>\n<td style=\"text-align: center;\">380 &#8211; 780 gram<\/td>\n<td style=\"text-align: center;\">380 &#8211; 780 gram<\/td>\n<\/tr>\n<tr>\n<td style=\"text-align: center;\">Ingredients<\/td>\n<td style=\"text-align: center;\">100% dragon fruit<\/td>\n<td style=\"text-align: center;\">100% dragon fruit<\/td>\n<\/tr>\n<tr>\n<td style=\"text-align: center;\">Seasons<\/td>\n<td style=\"text-align: center;\">Year-round<\/td>\n<td style=\"text-align: center;\">Year-round<\/td>\n<\/tr>\n<tr>\n<td style=\"text-align: center;\">Storage Condition<\/td>\n<td style=\"text-align: center;\">Fresh 3 \u00f7 5<sup>o <\/sup>C<br \/>\nFrozen -18 \u00f7 -22<sup>o <\/sup>C<\/td>\n<td style=\"text-align: center;\">Fresh 3 \u00f7 5<sup>o <\/sup>C<br \/>\nFrozen -18 \u00f7 -22<sup>o <\/sup>C<\/td>\n<\/tr>\n<tr>\n<td style=\"text-align: center;\">Shelf Life<\/td>\n<td style=\"text-align: center;\">Fresh 30 days<br \/>\nFrozen 24 months<\/td>\n<td style=\"text-align: center;\">Fresh 30 days<br \/>\nFrozen 24 months<\/td>\n<\/tr>\n<\/tbody>\n<\/table>","protected":false},"featured_media":125,"comment_status":"open","ping_status":"closed","template":"","meta":[],"product_brand":[],"product_cat":[20],"product_tag":[],"class_list":{"0":"post-124","1":"product","2":"type-product","3":"status-publish","4":"has-post-thumbnail","6":"product_cat-trai-cay-xuat-khau","8":"first","9":"instock","10":"shipping-taxable","11":"product-type-simple"},"_links":{"self":[{"href":"https:\/\/chanhthu.com\/en\/wp-json\/wp\/v2\/product\/124","targetHints":{"allow":["GET"]}}],"collection":[{"href":"https:\/\/chanhthu.com\/en\/wp-json\/wp\/v2\/product"}],"about":[{"href":"https:\/\/chanhthu.com\/en\/wp-json\/wp\/v2\/types\/product"}],"replies":[{"embeddable":true,"href":"https:\/\/chanhthu.com\/en\/wp-json\/wp\/v2\/comments?post=124"}],"wp:featuredmedia":[{"embeddable":true,"href":"https:\/\/chanhthu.com\/en\/wp-json\/wp\/v2\/media\/125"}],"wp:attachment":[{"href":"https:\/\/chanhthu.com\/en\/wp-json\/wp\/v2\/media?parent=124"}],"wp:term":[{"taxonomy":"product_brand","embeddable":true,"href":"https:\/\/chanhthu.com\/en\/wp-json\/wp\/v2\/product_brand?post=124"},{"taxonomy":"product_cat","embeddable":true,"href":"https:\/\/chanhthu.com\/en\/wp-json\/wp\/v2\/product_cat?post=124"},{"taxonomy":"product_tag","embeddable":true,"href":"https:\/\/chanhthu.com\/en\/wp-json\/wp\/v2\/product_tag?post=124"}],"curies":[{"name":"wp","href":"https:\/\/api.w.org\/{rel}","templated":true}]}}