{"id":490,"date":"2024-09-17T14:39:16","date_gmt":"2024-09-17T07:39:16","guid":{"rendered":"https:\/\/chanhthu.com\/?post_type=product&#038;p=490"},"modified":"2025-12-26T09:05:40","modified_gmt":"2025-12-26T02:05:40","slug":"sau-rieng-cap-dong-nguyen-trai-durivy","status":"publish","type":"product","link":"https:\/\/chanhthu.com\/en\/sau-rieng-cap-dong-nguyen-trai-durivy\/","title":{"rendered":"S\u1ea7u ri\u00eang c\u1ea5p \u0111\u00f4ng nguy\u00ean tr\u00e1i &#8211; Th\u01b0\u01a1ng hi\u1ec7u DuriVy (Ch\u00e1nh Thu Group)"},"content":{"rendered":"<h1><strong>M\u00f4 t\u1ea3 s\u1ea3n ph\u1ea9m:<\/strong> <strong>S\u1ea7u ri\u00eang c\u1ea5p \u0111\u00f4ng nguy\u00ean tr\u00e1i &#8211; Th\u01b0\u01a1ng hi\u1ec7u DuriVy (Ch\u00e1nh Thu Group)<\/strong><\/h1>\n<h4><span style=\"font-size: 100%;\">&#8211; T\u00ean s\u1ea3n ph\u1ea9m: S\u1ea7u ri\u00eang c\u1ea5p \u0111\u00f4ng nguy\u00ean tr\u00e1i<\/span><\/h4>\n<h4><span style=\"font-size: 100%;\">&#8211; Th\u01b0\u01a1ng hi\u1ec7u: DuriVy (Ch\u00e1nh Thu Group)<\/span><\/h4>\n<h4><span style=\"font-size: 100%;\">&#8211; Quy c\u00e1ch \u0111\u00f3ng g\u00f3i: Nguy\u00ean tr\u00e1i, b\u1ea3o qu\u1ea3n trong t\u00fai chuy\u00ean d\u1ee5ng v\u00e0 h\u00fat ch\u00e2n kh\u00f4ng \u0111\u1ec3 gi\u1eef nguy\u00ean h\u01b0\u01a1ng v\u1ecb v\u00e0 \u0111\u1ed9 t\u01b0\u01a1i ngon<\/span><\/h4>\n<h4><span style=\"font-size: 100%;\">&#8211; Tr\u1ecdng l\u01b0\u1ee3ng: 3 &#8211; 5kg\/tr\u00e1i t\u00f9y k\u00edch th\u01b0\u1edbc<\/span><\/h4>\n<h4><span style=\"font-size: 100%;\">&#8211; C\u00f4ng ngh\u1ec7 b\u1ea3o qu\u1ea3n: S\u1eed d\u1ee5ng c\u00f4ng ngh\u1ec7 c\u1ea5p \u0111\u00f4ng b\u1eb1ng Nit\u01a1 l\u1ecfng, gi\u00fap s\u1ea3n ph\u1ea9m \u0111\u00f4ng l\u1ea1nh nhanh ch\u00f3ng \u1edf nhi\u1ec7t \u0111\u1ed9 -60\u00b0C, gi\u1eef nguy\u00ean v\u1eb9n d\u01b0\u1ee1ng ch\u1ea5t, m\u00e0u s\u1eafc v\u00e0 h\u01b0\u01a1ng v\u1ecb t\u1ef1 nhi\u00ean c\u1ee7a s\u1ea7u ri\u00eang trong th\u1eddi gian d\u00e0i.<\/span><\/h4>\n<h4><span style=\"font-size: 100%;\">&#8211; Th\u1ecb tr\u01b0\u1eddng xu\u1ea5t kh\u1ea9u: M\u1ef9, Trung Qu\u1ed1c, Th\u00e1i Lan<\/span><\/h4>\n<figure id=\"attachment_478\" aria-describedby=\"caption-attachment-478\" style=\"width: 1016px\" class=\"wp-caption aligncenter\"><img decoding=\"async\" class=\"wp-image-478\" src=\"https:\/\/chanhthu.com\/wp-content\/uploads\/2024\/09\/0U7A5729.jpg\" alt=\"S\u1ea7u ri\u00eang c\u1ea5p \u0111\u00f4ng nguy\u00ean tr\u00e1i - Th\u01b0\u01a1ng hi\u1ec7u DuriVy\" width=\"1016\" height=\"677\" data-sitemapexclude=\"true\" srcset=\"https:\/\/chanhthu.com\/wp-content\/uploads\/2024\/09\/0U7A5729.jpg 1600w, https:\/\/chanhthu.com\/wp-content\/uploads\/2024\/09\/0U7A5729-534x356.jpg 534w, https:\/\/chanhthu.com\/wp-content\/uploads\/2024\/09\/0U7A5729-300x200.jpg 300w, https:\/\/chanhthu.com\/wp-content\/uploads\/2024\/09\/0U7A5729-1024x683.jpg 1024w, https:\/\/chanhthu.com\/wp-content\/uploads\/2024\/09\/0U7A5729-768x512.jpg 768w, https:\/\/chanhthu.com\/wp-content\/uploads\/2024\/09\/0U7A5729-1536x1024.jpg 1536w, https:\/\/chanhthu.com\/wp-content\/uploads\/2024\/09\/0U7A5729-18x12.jpg 18w\" sizes=\"(max-width: 1016px) 100vw, 1016px\" \/><figcaption id=\"caption-attachment-478\" class=\"wp-caption-text\">S\u1ea7u ri\u00eang c\u1ea5p \u0111\u00f4ng nguy\u00ean tr\u00e1i &#8211; Th\u01b0\u01a1ng hi\u1ec7u DuriVy<\/figcaption><\/figure>\n<h2>\u00a0\u0110\u1eb7c \u0111i\u1ec3m n\u1ed5i b\u1eadt:<\/h2>\n<h4>&#8211; Ch\u1ea5t l\u01b0\u1ee3ng v\u01b0\u1ee3t tr\u1ed9i: S\u1ea7u ri\u00eang \u0111\u01b0\u1ee3c tuy\u1ec3n ch\u1ecdn k\u1ef9 c\u00e0ng t\u1eeb c\u00e1c v\u00f9ng tr\u1ed3ng \u0111\u1ea1t ti\u00eau chu\u1ea9n, \u0111\u1ea3m b\u1ea3o tr\u00e1i l\u1edbn, h\u01b0\u01a1ng v\u1ecb \u0111\u1eb7c tr\u01b0ng th\u01a1m ngon.<\/h4>\n<h4>&#8211; Gi\u1eef nguy\u00ean h\u01b0\u01a1ng v\u1ecb: C\u00f4ng ngh\u1ec7 c\u1ea5p \u0111\u00f4ng ti\u00ean ti\u1ebfn gi\u00fap s\u1ea7u ri\u00eang v\u1eabn gi\u1eef \u0111\u01b0\u1ee3c h\u01b0\u01a1ng th\u01a1m n\u1ed3ng n\u00e0n v\u00e0 v\u1ecb b\u00e9o b\u00f9i \u0111\u1eb7c tr\u01b0ng sau khi r\u00e3 \u0111\u00f4ng.<\/h4>\n<h4>&#8211; Ti\u1ec7n l\u1ee3i: S\u1ea3n ph\u1ea9m c\u1ea5p \u0111\u00f4ng nguy\u00ean tr\u00e1i d\u1ec5 d\u00e0ng b\u1ea3o qu\u1ea3n v\u00e0 v\u1eadn chuy\u1ec3n \u0111\u1ebfn nhi\u1ec1u th\u1ecb tr\u01b0\u1eddng qu\u1ed1c t\u1ebf, \u0111\u00e1p \u1ee9ng nhu c\u1ea7u s\u1eed d\u1ee5ng quanh n\u0103m c\u1ee7a ng\u01b0\u1eddi ti\u00eau d\u00f9ng.<\/h4>\n<h4>&#8211; An to\u00e0n v\u1ec7 sinh th\u1ef1c ph\u1ea9m: Quy tr\u00ecnh s\u1ea3n xu\u1ea5t v\u00e0 c\u1ea5p \u0111\u00f4ng \u0111\u1ea3m b\u1ea3o \u0111\u1ea1t chu\u1ea9n qu\u1ed1c t\u1ebf, s\u1ea3n ph\u1ea9m \u0111\u01b0\u1ee3c ch\u1ee9ng nh\u1eadn v\u1ec7 sinh an to\u00e0n th\u1ef1c ph\u1ea9m theo ti\u00eau chu\u1ea9n xu\u1ea5t kh\u1ea9u.<\/h4>\n<figure id=\"attachment_476\" aria-describedby=\"caption-attachment-476\" style=\"width: 1024px\" class=\"wp-caption aligncenter\"><img decoding=\"async\" class=\"wp-image-476\" src=\"https:\/\/chanhthu.com\/wp-content\/uploads\/2024\/09\/0U7A5681.jpg\" alt=\"Quy c\u00e1ch \u0111\u00f3ng g\u00f3i 6 tr\u00e1i\/th\u00f9ng\" width=\"1024\" height=\"683\" data-sitemapexclude=\"true\" srcset=\"https:\/\/chanhthu.com\/wp-content\/uploads\/2024\/09\/0U7A5681.jpg 1600w, https:\/\/chanhthu.com\/wp-content\/uploads\/2024\/09\/0U7A5681-534x356.jpg 534w, https:\/\/chanhthu.com\/wp-content\/uploads\/2024\/09\/0U7A5681-300x200.jpg 300w, https:\/\/chanhthu.com\/wp-content\/uploads\/2024\/09\/0U7A5681-1024x683.jpg 1024w, https:\/\/chanhthu.com\/wp-content\/uploads\/2024\/09\/0U7A5681-768x512.jpg 768w, https:\/\/chanhthu.com\/wp-content\/uploads\/2024\/09\/0U7A5681-1536x1024.jpg 1536w, https:\/\/chanhthu.com\/wp-content\/uploads\/2024\/09\/0U7A5681-18x12.jpg 18w\" sizes=\"(max-width: 1024px) 100vw, 1024px\" \/><figcaption id=\"caption-attachment-476\" class=\"wp-caption-text\">Quy c\u00e1ch \u0111\u00f3ng g\u00f3i 6 tr\u00e1i\/th\u00f9ng<\/figcaption><\/figure>\n<h2>\u00a0Th\u1ecb tr\u01b0\u1eddng ti\u00eau th\u1ee5:<\/h2>\n<h4>&#8211; M\u1ef9: Th\u1ecb tr\u01b0\u1eddng c\u00f3 nhu c\u1ea7u cao v\u1ec1 c\u00e1c lo\u1ea1i s\u1ea7u ri\u00eang ch\u1ea5t l\u01b0\u1ee3ng, \u0111\u1eb7c bi\u1ec7t l\u00e0 s\u1ea7u ri\u00eang c\u1ea5p \u0111\u00f4ng nguy\u00ean tr\u00e1i do kh\u00f4ng \u1ea3nh h\u01b0\u1edfng \u0111\u1ebfn ch\u1ea5t l\u01b0\u1ee3ng khi v\u1eadn chuy\u1ec3n xa.<\/h4>\n<h4>&#8211; Trung Qu\u1ed1c: S\u1ea7u ri\u00eang l\u00e0 m\u1ed9t lo\u1ea1i tr\u00e1i c\u00e2y \u01b0a chu\u1ed9ng t\u1ea1i Trung Qu\u1ed1c, v\u00e0 s\u1ea3n ph\u1ea9m c\u1ea5p \u0111\u00f4ng gi\u00fap duy tr\u00ec ngu\u1ed3n cung \u1ed5n \u0111\u1ecbnh trong su\u1ed1t n\u0103m.<\/h4>\n<h4>&#8211; Th\u00e1i Lan: M\u1ed9t trong nh\u1eefng th\u1ecb tr\u01b0\u1eddng l\u1edbn v\u1ec1 s\u1ea7u ri\u00eang, s\u1ea3n ph\u1ea9m c\u1ee7a Ch\u00e1nh Thu c\u1ea1nh tranh v\u1ec1 ch\u1ea5t l\u01b0\u1ee3ng v\u00e0 quy tr\u00ecnh c\u1ea5p \u0111\u00f4ng ti\u00ean ti\u1ebfn.<\/h4>\n<figure id=\"attachment_486\" aria-describedby=\"caption-attachment-486\" style=\"width: 742px\" class=\"wp-caption aligncenter\"><img decoding=\"async\" class=\"wp-image-486\" src=\"https:\/\/chanhthu.com\/wp-content\/uploads\/2024\/09\/z5704135761987_121b6cca6ae32eb3d6c173ea1ef602df.jpg\" alt=\"S\u1ea3n ph\u1ea9m b\u00e1n t\u1ea1i Si\u00eau th\u1ecb t\u1ea1i M\u1ef9\" width=\"742\" height=\"1319\" data-sitemapexclude=\"true\" srcset=\"https:\/\/chanhthu.com\/wp-content\/uploads\/2024\/09\/z5704135761987_121b6cca6ae32eb3d6c173ea1ef602df.jpg 1440w, https:\/\/chanhthu.com\/wp-content\/uploads\/2024\/09\/z5704135761987_121b6cca6ae32eb3d6c173ea1ef602df-534x949.jpg 534w, https:\/\/chanhthu.com\/wp-content\/uploads\/2024\/09\/z5704135761987_121b6cca6ae32eb3d6c173ea1ef602df-169x300.jpg 169w, https:\/\/chanhthu.com\/wp-content\/uploads\/2024\/09\/z5704135761987_121b6cca6ae32eb3d6c173ea1ef602df-576x1024.jpg 576w, https:\/\/chanhthu.com\/wp-content\/uploads\/2024\/09\/z5704135761987_121b6cca6ae32eb3d6c173ea1ef602df-768x1365.jpg 768w, https:\/\/chanhthu.com\/wp-content\/uploads\/2024\/09\/z5704135761987_121b6cca6ae32eb3d6c173ea1ef602df-864x1536.jpg 864w, https:\/\/chanhthu.com\/wp-content\/uploads\/2024\/09\/z5704135761987_121b6cca6ae32eb3d6c173ea1ef602df-1152x2048.jpg 1152w, https:\/\/chanhthu.com\/wp-content\/uploads\/2024\/09\/z5704135761987_121b6cca6ae32eb3d6c173ea1ef602df-7x12.jpg 7w\" sizes=\"(max-width: 742px) 100vw, 742px\" \/><figcaption id=\"caption-attachment-486\" class=\"wp-caption-text\">S\u1ea3n ph\u1ea9m b\u00e1n t\u1ea1i Si\u00eau th\u1ecb t\u1ea1i M\u1ef9<\/figcaption><\/figure>","protected":false},"excerpt":{"rendered":"<p><strong>S\u1ea7u ri\u00eang c\u1ea5p \u0111\u00f4ng nguy\u00ean tr\u00e1i<\/strong> c\u1ee7a th\u01b0\u01a1ng hi\u1ec7u<strong> DuriVy (Ch\u00e1nh Thu Group)<\/strong> s\u1eed d\u1ee5ng c\u00f4ng ngh\u1ec7 c\u1ea5p \u0111\u00f4ng b\u1eb1ng Nit\u01a1 l\u1ecfng, gi\u00fap gi\u1eef nguy\u00ean d\u01b0\u1ee1ng ch\u1ea5t, h\u01b0\u01a1ng v\u1ecb v\u00e0 m\u00e0u s\u1eafc t\u1ef1 nhi\u00ean. S\u1ea3n ph\u1ea9m \u0111\u01b0\u1ee3c \u0111\u00f3ng g\u00f3i t\u00fai l\u01b0\u1edbi, t\u00fai h\u00fat ch\u00e2n kh\u00f4ng theo y\u00eau c\u1ea7u, ti\u1ec7n l\u1ee3i cho vi\u1ec7c b\u1ea3o qu\u1ea3n v\u00e0 v\u1eadn chuy\u1ec3n. \u0110\u00e1p \u1ee9ng ti\u00eau chu\u1ea9n xu\u1ea5t kh\u1ea9u sang c\u00e1c th\u1ecb tr\u01b0\u1eddng nh\u01b0<strong> M\u1ef9, Trung Qu\u1ed1c, Th\u00e1i Lan<\/strong>,&#8230;. s\u1ea7u ri\u00eang c\u1ea5p \u0111\u00f4ng nguy\u00ean tr\u00e1i \u0111\u1ea3m b\u1ea3o ch\u1ea5t l\u01b0\u1ee3ng v\u00e0 an to\u00e0n v\u1ec7 sinh th\u1ef1c ph\u1ea9m.<\/p>","protected":false},"featured_media":478,"comment_status":"open","ping_status":"closed","template":"","meta":[],"product_brand":[],"product_cat":[15],"product_tag":[63],"class_list":{"0":"post-490","1":"product","2":"type-product","3":"status-publish","4":"has-post-thumbnail","6":"product_cat-trai-cay-khac","7":"product_tag-sau-rieng-dong-lanh","9":"first","10":"instock","11":"shipping-taxable","12":"product-type-simple"},"_links":{"self":[{"href":"https:\/\/chanhthu.com\/en\/wp-json\/wp\/v2\/product\/490","targetHints":{"allow":["GET"]}}],"collection":[{"href":"https:\/\/chanhthu.com\/en\/wp-json\/wp\/v2\/product"}],"about":[{"href":"https:\/\/chanhthu.com\/en\/wp-json\/wp\/v2\/types\/product"}],"replies":[{"embeddable":true,"href":"https:\/\/chanhthu.com\/en\/wp-json\/wp\/v2\/comments?post=490"}],"wp:featuredmedia":[{"embeddable":true,"href":"https:\/\/chanhthu.com\/en\/wp-json\/wp\/v2\/media\/478"}],"wp:attachment":[{"href":"https:\/\/chanhthu.com\/en\/wp-json\/wp\/v2\/media?parent=490"}],"wp:term":[{"taxonomy":"product_brand","embeddable":true,"href":"https:\/\/chanhthu.com\/en\/wp-json\/wp\/v2\/product_brand?post=490"},{"taxonomy":"product_cat","embeddable":true,"href":"https:\/\/chanhthu.com\/en\/wp-json\/wp\/v2\/product_cat?post=490"},{"taxonomy":"product_tag","embeddable":true,"href":"https:\/\/chanhthu.com\/en\/wp-json\/wp\/v2\/product_tag?post=490"}],"curies":[{"name":"wp","href":"https:\/\/api.w.org\/{rel}","templated":true}]}}