{"id":23,"date":"2024-03-10T16:52:47","date_gmt":"2024-03-10T09:52:47","guid":{"rendered":"https:\/\/new.chanhthu.com\/?page_id=23"},"modified":"2024-03-10T16:55:17","modified_gmt":"2024-03-10T09:55:17","slug":"chinh-sach-dieu-khoan","status":"publish","type":"page","link":"https:\/\/chanhthu.com\/zh\/chinh-sach-dieu-khoan\/","title":{"rendered":"Ch\u00ednh s\u00e1ch &#038; \u0110i\u1ec1u kho\u1ea3n"},"content":{"rendered":"<div id=\"page-header-1813446180\" class=\"page-header-wrapper\">\n    <div class=\"page-title default-page-header dark simple-title has-parallax\">\n\n            <div class=\"page-title-bg\">\n        <div class=\"title-bg fill bg-fill\"\n          data-parallax-container=\".page-title\"\n          data-parallax-background\n data-parallax=\"-5\">\n        <\/div>\n        <div class=\"title-overlay fill\"><\/div>\n      <\/div>\n      \n      <div class=\"page-title-inner container align-center text-center flex-row-col medium-flex-wrap\" >\n                  <div class=\"title-wrapper is-xxlarge flex-col\">\n            <h1 class=\"entry-title mb-0\">\n              Ch\u00ednh s\u00e1ch &#038; \u0110i\u1ec1u kho\u1ea3n            <\/h1>\n          <\/div>\n                          <div class=\"title-content flex-col\">\n          <div class=\"title-breadcrumbs pb-half pt-half\"><nav class=\"woocommerce-breadcrumb breadcrumbs\" aria-label=\"Breadcrumb\" data-no-translation=\"\" data-trp-gettext=\"\">\u9996\u9875<\/nav><\/div>        <\/div>\n      <\/div>\n\n       \n<style>\n#page-header-1813446180 .page-title-inner {\n  min-height: 430px;\n}\n#page-header-1813446180 .title-bg {\n  background-image: 540;\n}\n#page-header-1813446180 .title-overlay {\n  background-color: rgba(0, 0, 0, 0.558);\n}\n<\/style>\n    <\/div>\n        <\/div>\n    \n\t<div id=\"text-2975218464\" class=\"text\">\n\t\t\n<p>\u5167\u5bb9\u6b63\u5728\u66f4\u65b0\u4e2d\u2026<\/p>\n\t\t\n<style>\n#text-2975218464 {\n  text-align: center;\n}\n<\/style>\n\t<\/div>","protected":false},"excerpt":{"rendered":"","protected":false},"author":1,"featured_media":0,"parent":0,"menu_order":0,"comment_status":"closed","ping_status":"closed","template":"page-blank.php","meta":{"footnotes":""},"class_list":["post-23","page","type-page","status-publish","hentry"],"_links":{"self":[{"href":"https:\/\/chanhthu.com\/zh\/wp-json\/wp\/v2\/pages\/23","targetHints":{"allow":["GET"]}}],"collection":[{"href":"https:\/\/chanhthu.com\/zh\/wp-json\/wp\/v2\/pages"}],"about":[{"href":"https:\/\/chanhthu.com\/zh\/wp-json\/wp\/v2\/types\/page"}],"author":[{"embeddable":true,"href":"https:\/\/chanhthu.com\/zh\/wp-json\/wp\/v2\/users\/1"}],"replies":[{"embeddable":true,"href":"https:\/\/chanhthu.com\/zh\/wp-json\/wp\/v2\/comments?post=23"}],"version-history":[{"count":0,"href":"https:\/\/chanhthu.com\/zh\/wp-json\/wp\/v2\/pages\/23\/revisions"}],"wp:attachment":[{"href":"https:\/\/chanhthu.com\/zh\/wp-json\/wp\/v2\/media?parent=23"}],"curies":[{"name":"wp","href":"https:\/\/api.w.org\/{rel}","templated":true}]}}