{"id":31,"date":"2024-03-10T16:58:22","date_gmt":"2024-03-10T09:58:22","guid":{"rendered":"https:\/\/new.chanhthu.com\/?page_id=31"},"modified":"2025-12-25T21:53:05","modified_gmt":"2025-12-25T14:53:05","slug":"lien-he","status":"publish","type":"page","link":"https:\/\/chanhthu.com\/zh\/lien-he\/","title":{"rendered":"\u63a5\u89f8"},"content":{"rendered":"<div id=\"page-header-660404459\" class=\"page-header-wrapper\">\n    <div class=\"page-title default-page-header dark simple-title has-parallax\">\n\n            <div class=\"page-title-bg\">\n        <div class=\"title-bg fill bg-fill\"\n          data-parallax-container=\".page-title\"\n          data-parallax-background\n data-parallax=\"-6\">\n        <\/div>\n        <div class=\"title-overlay fill\"><\/div>\n      <\/div>\n      \n      <div class=\"page-title-inner container align-center text-center flex-row-col medium-flex-wrap\" >\n                  <div class=\"title-wrapper is-xxlarge flex-col\">\n            <h1 class=\"entry-title mb-0\">\n              \u63a5\u89f8            <\/h1>\n          <\/div>\n                          <div class=\"title-content flex-col\">\n          <div class=\"title-breadcrumbs pb-half pt-half\"><nav class=\"woocommerce-breadcrumb breadcrumbs\" aria-label=\"Breadcrumb\" data-no-translation=\"\" data-trp-gettext=\"\">\u9996\u9875<\/nav><\/div>        <\/div>\n      <\/div>\n\n       \n<style>\n#page-header-660404459 .page-title-inner {\n  min-height: 430px;\n}\n#page-header-660404459 .title-bg {\n  background-image: url(https:\/\/chanhthu.com\/wp-content\/uploads\/2024\/06\/header-bg-3.webp);\n  background-position: 0% 0%;\n}\n#page-header-660404459 .title-overlay {\n  background-color: rgba(0, 0, 0, 0.39);\n}\n<\/style>\n    <\/div>\n        <\/div>\n    \n\n\t<section class=\"section\" id=\"section_1472031977\">\n\t\t<div class=\"section-bg fill\" >\n\t\t\t\t\t\t\t\t\t\n\t\t\t\n\n\t\t<\/div>\n\n\t\t\n\n\t\t<div class=\"section-content relative\">\n\t\t\t\n\t<div id=\"gap-1858507679\" class=\"gap-element clearfix\" style=\"display:block; height:auto;\">\n\t\t\n<style>\n#gap-1858507679 {\n  padding-top: 50px;\n}\n<\/style>\n\t<\/div>\n\t\n<div class=\"row\"  id=\"row-626810715\">\n\n\t<div id=\"col-891938154\" class=\"col small-12 large-12\"  >\n\t\t\t\t<div class=\"col-inner\"  >\n\t\t\t\n\t\t\t\n<div class=\"row\"  id=\"row-1155229131\">\n\n\t<div id=\"col-1139794755\" class=\"col medium-6 small-12 large-6\"  >\n\t\t\t\t<div class=\"col-inner\"  >\n\t\t\t\n\t\t\t\n\n\t\t<div class=\"icon-box featured-box shadow p-5 address-box icon-box-center text-center\"  >\n\t\t\t\t\t<div class=\"icon-box-img\" style=\"width: 60px\">\n\t\t\t\t<div class=\"icon\">\n\t\t\t\t\t<div class=\"icon-inner\" >\n\t\t\t\t\t\t<img decoding=\"async\" width=\"1\" height=\"1\" src=\"https:\/\/chanhthu.com\/wp-content\/uploads\/2024\/06\/iconmonstr-location-2.svg\" class=\"attachment-medium size-medium\" alt=\"\" \/>\t\t\t\t\t<\/div>\n\t\t\t\t<\/div>\n\t\t\t<\/div>\n\t\t\t\t<div class=\"icon-box-text last-reset\">\n\t\t\t\t\t\t\t\t\t\n<h3>\u5730\u5740<\/h3>\n<p><a href=\"https:\/\/goo.gl\/maps\/5VQbhDVjnTvhxzu19\" target=\"_blank\" rel=\"nofollow noopener\"><span style=\"color: #249643;\"><strong>\u4ee3\u8868\u5904<\/strong><\/span><br \/><span style=\"color: #333333;\"><span style=\"color: #3d3d3d;\">Room 203, Floor 02, Saigon Paragos Building, No. 03 Nguyen Luong Bang Street, Tan Phu Ward, District 7, Ho Chi Minh City.<\/span><\/span><\/a><\/p>\n<p><a href=\"https:\/\/goo.gl\/maps\/3eBHeJ9VNxvy6x6z8\" target=\"_blank\" rel=\"noopener\"><span style=\"color: #249643;\"><strong>\u4e00\u5382\u2013\u69df\u6925\u6b63\u79cb<\/strong><\/span><\/a><br \/><a href=\"https:\/\/goo.gl\/maps\/3eBHeJ9VNxvy6x6z8\" target=\"_blank\" rel=\"noopener\"><span style=\"color: #3d3d3d;\">\u8d8a\u5357\u69df\u6925\u7701\u5219\u62c9\u53bf\u548c\u4e49\u793e\u4ec1\u5bcc\u6751<\/span><\/a><\/p>\n<p><a href=\"#\" target=\"_blank\" rel=\"nofollow noopener\"><span style=\"color: #249643;\"><strong>\u4e8c\u5382\u2013\u82bd\u5e84\u6b63\u79cb<\/strong><\/span><\/a><br \/><a href=\"#\"><span style=\"color: #3d3d3d;\">\u8d8a\u5357\u5e86\u548c\u7701\u67d1\u6797\u53bf\u7387\u65b0\u793e\u7387\u6cb9\u5de5\u4e1a\u533a<\/span><\/a><\/p>\n<p><a href=\"https:\/\/goo.gl\/maps\/GFp9jmS8ugoNNNu49\" target=\"_blank\" rel=\"nofollow noopener\"><span style=\"color: #249643;\"><strong>\u4e09\u5382\u2013\u5f97\u4e50\u6b63\u79cb<\/strong><\/span><\/a><br \/><a href=\"https:\/\/goo.gl\/maps\/GFp9jmS8ugoNNNu49\" target=\"_blank\" rel=\"noopener\"><span style=\"color: #3d3d3d;\">\u8d8a\u5357\u5f97\u4e50\u7701\u683c\u59c6\u963f\u53bf\u4e9a\u70ed\u4ec1\u793e\u5357\u742a\u6751<\/span><\/a><\/p>\n\t\t<\/div>\n\t<\/div>\n\t\n\t\n\t\t<\/div>\n\t\t\t\t\t<\/div>\n\n\t\n\n\t<div id=\"col-516508158\" class=\"col medium-6 small-12 large-6\"  >\n\t\t\t\t<div class=\"col-inner\"  >\n\t\t\t\n\t\t\t\n\n\t\t<div class=\"icon-box featured-box shadow p-5 address-box icon-box-center text-center\"  >\n\t\t\t\t\t<div class=\"icon-box-img\" style=\"width: 60px\">\n\t\t\t\t<div class=\"icon\">\n\t\t\t\t\t<div class=\"icon-inner\" >\n\t\t\t\t\t\t<img decoding=\"async\" width=\"1\" height=\"1\" src=\"https:\/\/chanhthu.com\/wp-content\/uploads\/2024\/06\/mobile-svgrepo-com.svg\" class=\"attachment-medium size-medium\" alt=\"\" \/>\t\t\t\t\t<\/div>\n\t\t\t\t<\/div>\n\t\t\t<\/div>\n\t\t\t\t<div class=\"icon-box-text last-reset\">\n\t\t\t\t\t\t\t\t\t\n<h3>\u70ed\u7ebf<\/h3>\n<p><strong>V\u0103n ph\u00f2ng \u0111\u1ea1i di\u1ec7n HCM:<\/strong> 028 6278 8887<br \/><strong>V\u0103n ph\u00f2ng Ch\u00e1nh Thu B\u1ebfn Tre:<\/strong> 0889 269 777<\/p>\n\t\t<\/div>\n\t<\/div>\n\t\n\t\n\t<div id=\"gap-101930729\" class=\"gap-element clearfix\" style=\"display:block; height:auto;\">\n\t\t\n<style>\n#gap-101930729 {\n  padding-top: 27px;\n}\n<\/style>\n\t<\/div>\n\t\n\n\t\t<div class=\"icon-box featured-box shadow p-5 address-box icon-box-center text-center\"  >\n\t\t\t\t\t<div class=\"icon-box-img\" style=\"width: 60px\">\n\t\t\t\t<div class=\"icon\">\n\t\t\t\t\t<div class=\"icon-inner\" >\n\t\t\t\t\t\t<img decoding=\"async\" width=\"1\" height=\"1\" src=\"https:\/\/chanhthu.com\/wp-content\/uploads\/2024\/06\/iconmonstr-email-8.svg\" class=\"attachment-medium size-medium\" alt=\"\" \/>\t\t\t\t\t<\/div>\n\t\t\t\t<\/div>\n\t\t\t<\/div>\n\t\t\t\t<div class=\"icon-box-text last-reset\">\n\t\t\t\t\t\t\t\t\t\n<h3>\u7535\u5b50\u90ae\u4ef6<\/h3>\n<p><strong>\u9500\u552e\u90e8\uff1a<\/strong> sales@chanhthu.com<br \/><strong>Customer Service:<\/strong> contact@chanhthu.com<br \/><strong>Website:<\/strong> www.chanhthu.com<\/p>\n\t\t<\/div>\n\t<\/div>\n\t\n\t\n\t\t<\/div>\n\t\t\t\t\t<\/div>\n\n\t\n<\/div>\n\t\t<\/div>\n\t\t\t\t\t<\/div>\n\n\t\n<\/div>\n<div class=\"row contact-form\"  id=\"row-672667576\">\n\n\t<div id=\"col-1251646563\" class=\"col small-12 large-12\"  >\n\t\t\t\t<div class=\"col-inner\"  >\n\t\t\t\n\t\t\t\n\n<p><iframe src=\"https:\/\/www.google.com\/maps\/embed?pb=!1m18!1m12!1m3!1d1165.4721578330332!2d106.72725506224218!3d10.721732493445653!2m3!1f0!2f0!3f0!3m2!1i1024!2i768!4f13.1!3m3!1m2!1s0x3175259e76092341%3A0xf37a64b68ed68771!2sCh%C3%A1nh%20Thu%20Group!5e0!3m2!1svi!2s!4v1660398796283!5m2!1svi!2s\" width=\"100%\" height=\"320\" style=\"border:0;\" allowfullscreen=\"\" loading=\"lazy\" referrerpolicy=\"no-referrer-when-downgrade\"><\/iframe><br \/>\n\n\t\t<\/div>\n\t\t\t\t\t<\/div>\n\n\t\n<\/div>\n<div class=\"row\"  id=\"row-688432075\">\n\n\t<div id=\"col-1624514316\" class=\"col medium-2 small-12 large-2\"  >\n\t\t\t\t<div class=\"col-inner\"  >\n\t\t\t\n\t\t\t\n\t\t<\/div>\n\t\t\t\t\t<\/div>\n\n\t\n\n\t<div id=\"col-303154560\" class=\"col medium-8 small-12 large-8\"  >\n\t\t\t\t<div class=\"col-inner\"  >\n\t\t\t\n\t\t\t\n\n<div class=\"flex flex-col gap-2 lg:pr-10 text-center\">\n<h2 class=\"font-extrabold text-4xl leading-tight\">\u8054\u7cfb\u4e0e\u652f\u6301<\/h2>\n<p class=\"mt-2\">\u8bf7\u5728\u6b64\u8f93\u5165\u7559\u8a00\u5185\u5bb9\uff0c\u6b63\u79cb\u4f1a\u5c3d\u5feb\u4e0e\u60a8\u8054\u7cfb<\/p>\n<\/div>\n<p>\n\n\n<div class=\"wpcf7 no-js\" id=\"wpcf7-f149-o1\" lang=\"vi\" dir=\"ltr\" data-wpcf7-id=\"149\">\n<div class=\"screen-reader-response\"><p role=\"status\" aria-live=\"polite\" aria-atomic=\"true\"><\/p> <ul><\/ul><\/div>\n<form action=\"\/zh\/wp-json\/wp\/v2\/pages\/31#wpcf7-f149-o1\" method=\"post\" class=\"wpcf7-form init bw-wpcf7-form\" aria-label=\"Form li\u00ean h\u1ec7\" novalidate=\"novalidate\" data-status=\"init\" data-trp-original-action=\"\/zh\/wp-json\/wp\/v2\/pages\/31#wpcf7-f149-o1\">\n<fieldset class=\"hidden-fields-container\"><input type=\"hidden\" name=\"_wpcf7\" value=\"149\" \/><input type=\"hidden\" name=\"_wpcf7_version\" value=\"6.1.5\" \/><input type=\"hidden\" name=\"_wpcf7_locale\" value=\"vi\" \/><input type=\"hidden\" name=\"_wpcf7_unit_tag\" value=\"wpcf7-f149-o1\" \/><input type=\"hidden\" name=\"_wpcf7_container_post\" value=\"0\" \/><input type=\"hidden\" name=\"_wpcf7_posted_data_hash\" value=\"\" \/>\n<\/fieldset>\n<div class=\"wpcf7-turnstile cf-turnstile\" data-sitekey=\"0x4AAAAAACJDqhf3avaQSmVA\" data-response-field-name=\"_wpcf7_turnstile_response\"><\/div>\n\n<div class=\"custom-contact-form\">\n\t<div class=\"row row-small\">\n\t\t<div class=\"col medium-6 small-12 large-6\">\n\t\t\t<div class=\"col-inner\">\n\t\t\t\t<p><span class=\"wpcf7-form-control-wrap\" data-name=\"your-name\"><input size=\"40\" maxlength=\"400\" class=\"wpcf7-form-control wpcf7-text wpcf7-validates-as-required shadow\" aria-required=\"true\" aria-invalid=\"false\" placeholder=\"\u4f60\u7684\u540d\u5b57\" value=\"\" type=\"text\" name=\"your-name\" \/><\/span>\n\t\t\t\t<\/p>\n\t\t\t<\/div>\n\t\t<\/div>\n\t\t<div class=\"col medium-6 small-12 large-6\">\n\t\t\t<div class=\"col-inner\">\n\t\t\t\t<p><span class=\"wpcf7-form-control-wrap\" data-name=\"your-email\"><input size=\"40\" maxlength=\"400\" class=\"wpcf7-form-control wpcf7-email wpcf7-validates-as-required wpcf7-text wpcf7-validates-as-email shadow\" aria-required=\"true\" aria-invalid=\"false\" placeholder=\"\u7535\u5b50\u90ae\u4ef6\" value=\"\" type=\"email\" name=\"your-email\" \/><\/span>\n\t\t\t\t<\/p>\n\t\t\t<\/div>\n\t\t<\/div>\n\t\t<div class=\"col medium-6 small-12 large-6\">\n\t\t\t<div class=\"col-inner\">\n\t\t\t\t<p><span class=\"wpcf7-form-control-wrap\" data-name=\"your-tel\"><input size=\"40\" maxlength=\"400\" class=\"wpcf7-form-control wpcf7-tel wpcf7-validates-as-required wpcf7-text wpcf7-validates-as-tel shadow\" aria-required=\"true\" aria-invalid=\"false\" placeholder=\"\u8054\u7cfb\u65b9\u5f0f\" value=\"\" type=\"tel\" name=\"your-tel\" \/><\/span>\n\t\t\t\t<\/p>\n\t\t\t<\/div>\n\t\t<\/div>\n\t\t<div class=\"col medium-6 small-12 large-6\">\n\t\t\t<div class=\"col-inner\">\n\t\t\t\t<p><span class=\"wpcf7-form-control-wrap\" data-name=\"your-subject\"><input size=\"40\" maxlength=\"400\" class=\"wpcf7-form-control wpcf7-text shadow\" aria-invalid=\"false\" placeholder=\"\u6a19\u984c\" value=\"\" type=\"text\" name=\"your-subject\" \/><\/span>\n\t\t\t\t<\/p>\n\t\t\t<\/div>\n\t\t<\/div>\n\t\t<div class=\"col medium-12 small-12 large-12\">\n\t\t\t<div class=\"col-inner\">\n\t\t\t\t<p><span class=\"wpcf7-form-control-wrap\" data-name=\"your-message\"><textarea cols=\"40\" rows=\"10\" maxlength=\"2000\" class=\"wpcf7-form-control wpcf7-textarea wpcf7-validates-as-required shadow col-span-2\" aria-required=\"true\" aria-invalid=\"false\" placeholder=\"\u5167\u5bb9\" name=\"your-message\"><\/textarea><\/span>\n\t\t\t\t<\/p>\n\t\t\t<\/div>\n\t\t<\/div>\n\t\t<div class=\"col medium-12 small-12 large-12\">\n\t\t\t<div class=\"col-inner text-center\">\n\t\t\t\t<p><input class=\"wpcf7-form-control wpcf7-submit has-spinner\" type=\"submit\" value=\"\u63d0\u4ea4\" \/>\n\t\t\t\t<\/p>\n\t\t\t<\/div>\n\t\t<\/div>\n\t<\/div>\n<\/div><div class=\"wpcf7-response-output\" aria-hidden=\"true\"><\/div>\n<input type=\"hidden\" name=\"trp-form-language\" value=\"zh\"\/><\/form>\n<\/div>\n\n\t\t<\/div>\n\t\t\t\t\t<\/div>\n\n\t\n\n\t<div id=\"col-2137999169\" class=\"col medium-2 small-12 large-2\"  >\n\t\t\t\t<div class=\"col-inner\"  >\n\t\t\t\n\t\t\t\n\t\t<\/div>\n\t\t\t\t\t<\/div>\n\n\t\n<\/div>\n\t\t<\/div>\n\n\t\t\n<style>\n#section_1472031977 {\n  padding-top: 0px;\n  padding-bottom: 0px;\n}\n<\/style>\n\t<\/section>","protected":false},"excerpt":{"rendered":"","protected":false},"author":1,"featured_media":0,"parent":0,"menu_order":0,"comment_status":"closed","ping_status":"closed","template":"page-blank.php","meta":{"footnotes":""},"class_list":["post-31","page","type-page","status-publish","hentry"],"_links":{"self":[{"href":"https:\/\/chanhthu.com\/zh\/wp-json\/wp\/v2\/pages\/31","targetHints":{"allow":["GET"]}}],"collection":[{"href":"https:\/\/chanhthu.com\/zh\/wp-json\/wp\/v2\/pages"}],"about":[{"href":"https:\/\/chanhthu.com\/zh\/wp-json\/wp\/v2\/types\/page"}],"author":[{"embeddable":true,"href":"https:\/\/chanhthu.com\/zh\/wp-json\/wp\/v2\/users\/1"}],"replies":[{"embeddable":true,"href":"https:\/\/chanhthu.com\/zh\/wp-json\/wp\/v2\/comments?post=31"}],"version-history":[{"count":0,"href":"https:\/\/chanhthu.com\/zh\/wp-json\/wp\/v2\/pages\/31\/revisions"}],"wp:attachment":[{"href":"https:\/\/chanhthu.com\/zh\/wp-json\/wp\/v2\/media?parent=31"}],"curies":[{"name":"wp","href":"https:\/\/api.w.org\/{rel}","templated":true}]}}