{"id":33,"date":"2024-03-10T17:00:19","date_gmt":"2024-03-10T10:00:19","guid":{"rendered":"https:\/\/new.chanhthu.com\/?page_id=33"},"modified":"2024-06-25T17:07:50","modified_gmt":"2024-06-25T10:07:50","slug":"tuyen-dung","status":"publish","type":"page","link":"https:\/\/chanhthu.com\/zh\/tuyen-dung\/","title":{"rendered":"\u62db\u8058"},"content":{"rendered":"    <div id=\"page-header-1173439009\" class=\"page-header-wrapper\">\n    <div class=\"page-title default-page-header dark simple-title has-parallax\">\n\n            <div class=\"page-title-bg\">\n        <div class=\"title-bg fill bg-fill\"\n          data-parallax-container=\".page-title\"\n          data-parallax-background\n          data-parallax=\"-6\">\n        <\/div>\n        <div class=\"title-overlay fill\"><\/div>\n      <\/div>\n      \n      <div class=\"page-title-inner container align-center text-center flex-row-col medium-flex-wrap\" >\n                  <div class=\"title-wrapper is-xxlarge flex-col\">\n            <h1 class=\"entry-title mb-0\">\n              Tuy\u1ec3n d\u1ee5ng            <\/h1>\n          <\/div>\n                          <div class=\"title-content flex-col\">\n          <div class=\"title-breadcrumbs pb-half pt-half\"><nav class=\"woocommerce-breadcrumb breadcrumbs \" aria-label=\"Breadcrumb\">\u9996\u9875<\/nav><\/div>        <\/div>\n      <\/div>\n\n       \n<style>\n#page-header-1173439009 .page-title-inner {\n  min-height: 430px;\n}\n#page-header-1173439009 .title-bg {\n  background-image: url(https:\/\/chanhthu.com\/wp-content\/uploads\/2024\/06\/header-bg-5.webp);\n  background-position: 0% 100%;\n}\n#page-header-1173439009 .title-overlay {\n  background-color: rgba(0, 0, 0, 0.43);\n}\n<\/style>\n    <\/div>\n        <\/div>\n    \n\n\t<section class=\"section\" id=\"section_1378509106\">\n\t\t<div class=\"section-bg fill\" >\n\t\t\t\t\t\t\t\t\t\n\t\t\t\n\n\t\t<\/div>\n\n\t\t\n\n\t\t<div class=\"section-content relative\">\n\t\t\t\n<div class=\"row row-large\"  id=\"row-134740961\">\n\n\t<div id=\"col-1628989827\" class=\"col medium-6 small-12 large-6\"  >\n\t\t\t\t<div class=\"col-inner text-left\"  >\n\t\t\t\n\t\t\t\n\t<div id=\"text-773772116\" class=\"text\">\n\t\t\n<h3 class=\"recruitment-subheading\">Recruitment &#038; Career<\/h3>\n\t\t\n<style>\n#text-773772116 {\n  text-align: center;\n}\n@media (min-width:550px) {\n  #text-773772116 {\n    text-align: left;\n  }\n}\n<\/style>\n\t<\/div>\n\t\n\t<div id=\"gap-1351418121\" class=\"gap-element clearfix\" style=\"display:block; height:auto;\">\n\t\t\n<style>\n#gap-1351418121 {\n  padding-top: 30px;\n}\n<\/style>\n\t<\/div>\n\t\n\t\t<div class=\"center-mobile\">\n\t\t\t\t\n<div style=\"display:block\"><img decoding=\"async\" class=\"size-full wp-image-402 \" src=\"\/wp-content\/uploads\/2024\/03\/logo.png\" alt=\"\" width=\"100\" height=\"84\" \/><\/div>\n\t\t<\/div>\n\t\n\t<div id=\"gap-264879009\" class=\"gap-element clearfix\" style=\"display:block; height:auto;\">\n\t\t\n<style>\n#gap-264879009 {\n  padding-top: 30px;\n}\n<\/style>\n\t<\/div>\n\t\n\t<div id=\"text-2494371338\" class=\"text\">\n\t\t\n<h2 class=\"font-extrabold text-4xl leading-tight\">Gia nh\u1eadp c\u00f9ng Ch\u00e1nh Thu<\/h2>\n\t\t\n<style>\n#text-2494371338 {\n  text-align: center;\n}\n@media (min-width:550px) {\n  #text-2494371338 {\n    text-align: left;\n  }\n}\n<\/style>\n\t<\/div>\n\t\n\t<div id=\"gap-973118996\" class=\"gap-element clearfix\" style=\"display:block; height:auto;\">\n\t\t\n<style>\n#gap-973118996 {\n  padding-top: 30px;\n}\n<\/style>\n\t<\/div>\n\t\n\t<div id=\"text-2912265343\" class=\"text\">\n\t\t\n<p style=\"text-align: justify;\">B\u1ea1n \u0111ang t\u00ecm c\u01a1 h\u1ed9i vi\u1ec7c l\u00e0m t\u1ea1i Ch\u00e1nh Thu? B\u1ea1n mu\u1ed1n tr\u1edf th\u00e0nh m\u1ed9t th\u00e0nh vi\u00ean c\u1ee7a Ch\u00e1nh Thu? H\u00e3y t\u00ecm ki\u1ebfm v\u1ecb tr\u00ed ph\u00f9 h\u1ee3p v\u1edbi b\u1ea1n.<\/p>\n<p style=\"text-align: justify;\"><strong>V\u0103n h\u00f3a doanh nghi\u1ec7p<\/strong><\/p>\n<p style=\"text-align: justify;\">Ch\u00e1nh Thu x\u00e1c \u0111\u1ecbnh v\u0103n h\u00f3a doanh nghi\u1ec7p \u0111\u01b0\u1ee3c x\u00e2y d\u1ef1ng tr\u00ean 03 c\u01a1 s\u1edf: C\u00e1c gi\u00e1 tr\u1ecb c\u1ed1t l\u00f5i, quy t\u1eafc h\u00e0nh x\u1eed v\u00e0 h\u1ec7 th\u1ed1ng qu\u1ea3n l\u00fd.<\/p>\n<p style=\"text-align: justify;\">Ch\u00fang t\u00f4i c\u0169ng \u0111\u1eb7t y\u00eau c\u1ea7u ph\u00e1t tri\u1ec3n m\u00f4i tr\u01b0\u1eddng l\u00e0m vi\u1ec7c chuy\u00ean nghi\u1ec7p, n\u0103ng \u0111\u1ed9ng, linh \u0111\u1ed9ng v\u00e0 h\u1ee3p t\u00e1c ch\u1eb7t ch\u1ebd. Ch\u00fang t\u00f4i mong mu\u1ed1n tr\u1edf th\u00e0nh m\u1ed9t t\u1eadp th\u1ec3 g\u1eafn k\u1ebft, \u0111\u1ed3ng l\u00f2ng, gi\u00e0u c\u1ea3m x\u00fac v\u00e0 chia s\u1ebb v\u1edbi nhau nh\u01b0 ng\u01b0\u1eddi trong gia \u0111\u00ecnh.<\/p>\n<p style=\"text-align: justify;\">V\u0103n h\u00f3a doanh nghi\u1ec7p \u1edf Ch\u00e1nh Thu tr\u00ean t\u01b0 c\u00e1ch m\u1ed9t doanh nghi\u1ec7p v\u1edbi t\u1eebng c\u00e1 nh\u00e2n ph\u1ea3i mang ph\u1ea9m ch\u1ea5t c\u1ee7a m\u1ed9t nh\u00e2n vi\u00ean nhi\u1ec7t huy\u1ebft, n\u0103ng \u0111\u1ed9ng, lu\u00f4n h\u1ed7 tr\u1ee3 nhau \u0111\u1ec3 ho\u00e0n th\u00e0nh c\u00f4ng vi\u1ec7c v\u00ec l\u1ee3i \u00edch chung.<\/p>\n<p style=\"text-align: justify;\"><strong>M\u00f4i tr\u01b0\u1eddng l\u00e0m vi\u1ec7c<\/strong><\/p>\n<p style=\"text-align: justify;\">Ch\u00fang t\u00f4i \u0111\u1eb7t m\u1ee5c ti\u00eau x\u00e2y d\u1ef1ng vi\u1ec7c ph\u00f9 h\u1ee3p v\u1edbi c\u00f4ng vi\u1ec7c trong kh\u00f4ng gian l\u00e0m vi\u1ec7c v\u0103n minh hi\u1ec7n \u0111\u1ea1i, quy tr\u00ecnh v\u00e0 h\u01b0\u1edbng d\u1eabn c\u00f4ng vi\u1ec7c r\u00f5 r\u00e0ng, ch\u00ednh s\u00e1ch l\u01b0\u01a1ng th\u01b0\u1edfng v\u00e0 ph\u00fac l\u1ee3i c\u1ea1nh tranh, c\u01a1 h\u1ed9i ph\u00e1t tri\u1ec3n ngh\u1ec1 nghi\u1ec7p phong ph\u00fa, l\u00e0 \u0111\u1ecba ch\u1ec9 t\u00ecm ki\u1ebfm \u201cs\u00e1ng gi\u00e1\u201d c\u1ee7a ng\u01b0\u1eddi t\u00ecm vi\u1ec7c.<\/p>\n\t\t\n<style>\n#text-2912265343 {\n  text-align: left;\n}\n<\/style>\n\t<\/div>\n\t\n\t\t<\/div>\n\t\t\t\t\t<\/div>\n\n\t\n\n\t<div id=\"col-489268893\" class=\"col medium-6 small-12 large-6\"  >\n\t\t\t\t<div class=\"col-inner\"  >\n\t\t\t\n\t\t\t\n<p style=\"text-align: justify;\">Xuy\u00ean su\u1ed1t h\u00e0nh tr\u00ecnh x\u00e2y d\u1ef1ng v\u00e0 ph\u00e1t tri\u1ec3n, C\u00f4ng ty \u0111\u1eb7c bi\u1ec7t ch\u00fa tr\u1ecdng tuy\u1ec3n ch\u1ecdn \u0111\u1ed9i ng\u0169 l\u00e0 c\u00e1c \u1ee9ng vi\u00ean ti\u1ec1m n\u0103ng, t\u00e0i n\u0103ng, nhi\u1ec7t huy\u1ebft, gi\u00e0u kh\u00e1t v\u1ecdng, s\u1eb5n s\u00e0ng \u0111\u00f3n nh\u1eadn nh\u1eefng c\u01a1 h\u1ed9i v\u00e0 th\u00e1ch th\u1ee9c m\u1edbi.<\/p>\n<p style=\"text-align: justify;\"><strong>Ch\u00ednh s\u00e1ch v\u00e0 ph\u00fac l\u1ee3i<\/strong><\/p>\n<p style=\"text-align: justify;\">L\u1ea5y hi\u1ec7u qu\u1ea3 l\u00e0 nguy\u00ean t\u1eafc trong kinh doanh v\u00e0 qu\u1ea3n tr\u1ecb, Ch\u00e1nh Thu v\u1eadn h\u00e0nh h\u1ec7 th\u1ed1ng c\u00e1c ch\u00ednh s\u00e1ch xoay quanh hi\u1ec7u qu\u1ea3 chung c\u1ee7a t\u1ed5 ch\u1ee9c. C\u00e1c n\u1ed7 l\u1ef1c n\u00e2ng cao thu nh\u1eadp v\u00e0 ph\u00fac l\u1ee3i c\u1ee7a ng\u01b0\u1eddi lao \u0111\u1ed9ng lu\u00f4n \u0111\u01b0\u1ee3c Ch\u00e1nh Thu quan t\u00e2m \u0111\u1ec3 \u0111\u1ea3m b\u1ea3o s\u1ef1 c\u00e2n b\u1eb1ng v\u00e0 \u1ed5n \u0111\u1ecbnh. Ch\u00ednh s\u00e1ch \u0111\u00e3i ng\u1ed9, ph\u00fac l\u1ee3i c\u1ee7a c\u00e1 nh\u00e2n, c\u01a1 h\u1ed9i th\u0103ng ti\u1ebfn g\u1eafn li\u1ec1n v\u1edbi n\u0103ng l\u1ef1c, th\u00e0nh t\u00edch, \u0111\u00f3ng g\u00f3p c\u1ee7a b\u1ea3n th\u00e2n trong t\u01b0\u01a1ng quan hi\u1ec7u qu\u1ea3 chung c\u1ee7a b\u1ed9 ph\u1eadn v\u00e0 c\u1ee7a C\u00f4ng ty \u0111\u1ec1u h\u01b0\u1edbng t\u1edbi \u0111\u1ea3m b\u1ea3o c\u01a1 h\u1ed9i b\u00ecnh \u0111\u1eb3ng cho t\u1ea5t c\u1ea3 nh\u00e2n s\u1ef1.<\/p>\n<p><strong>\u1ee8ng vi\u00ean vui l\u00f2ng n\u1ed9p CV qua email:<\/strong><\/p>\n<p><a href=\"mailto:hr@chanhthu.com\">hr@chanhthu.com<\/a><\/p>\n<p style=\"text-align: justify;\"><strong>C\u00e1c v\u1ecb tr\u00ed \u0111ang m\u1edf<\/strong><\/p>\n\n  \n    <div class=\"row recruitments large-columns-1 medium-columns-1 small-columns-1 row-collapse\" >\n  <div class=\"col post-item\" >\n\t\t\t<div class=\"col-inner\">\n\t\t\t\t<div class=\"box box-default box-text-bottom box-blog-post has-hover\">\n          \t\t\t\t\t<div class=\"box-text text-left\" >\n\t\t\t\t\t<div class=\"box-text-inner blog-post-inner\">\n\n\t\t\t\t\t\n\t\t\t\t\t\t\t\t\t\t<h5 class=\"post-title is-large \">\n\t\t\t\t\t\t<a href=\"https:\/\/chanhthu.com\/zh\/tuyen-dung-chuyen-vien-thu-mua\/\" class=\"plain\">[Tin m\u1edbi] Tuy\u1ec3n d\u1ee5ng Chuy\u00ean vi\u00ean Thu mua<\/a>\n\t\t\t\t\t<\/h5>\n\t\t\t\t\t<div class=\"post-meta is-small op-8\">2024-11-26<\/div>\t\t\t\t\t<div class=\"is-divider\"><\/div>\n\t\t\t\t\t                    \n\t\t\t\t\t\n\t\t\t\t\t\n\t\t\t\t\t<\/div>\n\t\t\t\t\t<\/div>\n\t\t\t\t\t\t\t\t\t<\/div>\n\t\t\t<\/div>\n\t\t<\/div><\/div>\n\t<div id=\"gap-1073884335\" class=\"gap-element clearfix\" style=\"display:block; height:auto;\">\n\t\t\n<style>\n#gap-1073884335 {\n  padding-top: 30px;\n}\n<\/style>\n\t<\/div>\n\t\n<div class=\"row row-small\"  id=\"row-352947487\">\n\n\t<div id=\"col-1800708332\" class=\"col medium-6 small-6 large-6\"  >\n\t\t\t\t<div class=\"col-inner\"  >\n\t\t\t\n\t\t\t\n\t<div id=\"text-2384858158\" class=\"text\">\n\t\t\n<h3 class=\"recruitment-subheading-2\">Follow us for hot jobs<br \/>\n<\/h3>\n\t\t\n<style>\n#text-2384858158 {\n  text-align: left;\n}\n<\/style>\n\t<\/div>\n\t\n\t\t<\/div>\n\t\t\t\t\t<\/div>\n\n\t\n\n\t<div id=\"col-308011105\" class=\"col medium-6 small-6 large-6\"  >\n\t\t\t\t<div class=\"col-inner\"  >\n\t\t\t\n\t\t\t\n<div class=\"social-icons follow-icons full-width text-right\" style=\"font-size:102%\"><a href=\"https:\/\/www.facebook.com\/chanhthugroup\" target=\"_blank\" data-label=\"Facebook\" class=\"icon plain facebook\" aria-label=\"\u5728Facebook\u4e0a\u5173\u6ce8\" rel=\"noopener nofollow\"><i class=\"icon-facebook\" aria-hidden=\"true\"><\/i><\/a><a href=\"mailto:sales@chanhthu.com\" data-label=\"E-mail\" target=\"_blank\" class=\"icon plain email\" aria-label=\"\u53d1\u90ae\u4ef6\u7ed9\u6211\u4eec\" rel=\"nofollow noopener\"><i class=\"icon-envelop\" aria-hidden=\"true\"><\/i><\/a><a href=\"tel:02862788887\" data-label=\"Phone\" target=\"_blank\" class=\"icon plain phone\" aria-label=\"\u8054\u7cfb\u6211\u4eec\" rel=\"nofollow noopener\"><i class=\"icon-phone\" aria-hidden=\"true\"><\/i><\/a><a href=\"https:\/\/www.youtube.com\/@chanhthufruitjsc2522\" data-label=\"YouTube\" target=\"_blank\" class=\"icon plain youtube\" aria-label=\"\u5728YouTube\u4e0a\u5173\u6ce8\" rel=\"noopener nofollow\"><i class=\"icon-youtube\" aria-hidden=\"true\"><\/i><\/a><\/div>\n\t\t<\/div>\n\t\t\t\t\t<\/div>\n\n\t\n<\/div>\n\t\t<\/div>\n\t\t\t\t\t<\/div>\n\n\t\n<\/div>\n\t\t<\/div>\n\n\t\t\n<style>\n#section_1378509106 {\n  padding-top: 30px;\n  padding-bottom: 30px;\n}\n<\/style>\n\t<\/section>\n\t\n","protected":false},"excerpt":{"rendered":"","protected":false},"author":1,"featured_media":0,"parent":0,"menu_order":0,"comment_status":"closed","ping_status":"closed","template":"page-blank.php","meta":{"footnotes":""},"class_list":["post-33","page","type-page","status-publish","hentry"],"_links":{"self":[{"href":"https:\/\/chanhthu.com\/zh\/wp-json\/wp\/v2\/pages\/33","targetHints":{"allow":["GET"]}}],"collection":[{"href":"https:\/\/chanhthu.com\/zh\/wp-json\/wp\/v2\/pages"}],"about":[{"href":"https:\/\/chanhthu.com\/zh\/wp-json\/wp\/v2\/types\/page"}],"author":[{"embeddable":true,"href":"https:\/\/chanhthu.com\/zh\/wp-json\/wp\/v2\/users\/1"}],"replies":[{"embeddable":true,"href":"https:\/\/chanhthu.com\/zh\/wp-json\/wp\/v2\/comments?post=33"}],"version-history":[{"count":0,"href":"https:\/\/chanhthu.com\/zh\/wp-json\/wp\/v2\/pages\/33\/revisions"}],"wp:attachment":[{"href":"https:\/\/chanhthu.com\/zh\/wp-json\/wp\/v2\/media?parent=33"}],"curies":[{"name":"wp","href":"https:\/\/api.w.org\/{rel}","templated":true}]}}