{"id":104,"date":"2024-03-24T14:23:54","date_gmt":"2024-03-24T07:23:54","guid":{"rendered":"https:\/\/new.chanhthu.com\/?post_type=product&#038;p=104"},"modified":"2026-02-12T13:56:04","modified_gmt":"2026-02-12T06:56:04","slug":"chom-chom","status":"publish","type":"product","link":"https:\/\/chanhthu.com\/zh\/chom-chom\/","title":{"rendered":"\u7ea2\u6bdb\u4e39"},"content":{"rendered":"<p style=\"text-align: justify;\">\u7ea2\u6bdb\u4e39\u662f\u4e00\u79cd\u70ed\u5e26\u6c34\u679c\uff0c\u5176\u540d\u5b57\u662f\u4ee5\u679c\u76ae\u4e0a\u7684\u6bdb\u53d1\u547d\u540d\u7684\u3002\u5728\u8d8a\u5357\uff0c\u7ea2\u6bdb\u4e39\u5728\u6e44\u516c\u6cb3\u4e09\u89d2\u6d32\u79cd\u690d\u4e86\u5f88\u591a\uff0c\u5c24\u5176\u662f\u5728\u69df\u6925\u7701\u3002<\/p>\n<p style=\"text-align: justify;\">T\u1eeb n\u0103m 2011, ch\u00f4ng ch\u00f4m \u0111\u00e3 \u0111\u01b0\u1ee3c xu\u1ea5t kh\u1ea9u sang th\u1ecb tr\u01b0\u1eddng M\u1ef9 v\u00e0 \u0111\u01b0\u1ee3c s\u1ef1 y\u00eau th\u00edch t\u1eeb ng\u01b0\u1eddi ti\u00eau d\u00f9ng. Hi\u1ec7n t\u1ea1i, lo\u1ea1i qu\u1ea3 n\u00e0y l\u00e0 m\u1eb7t h\u00e0ng xu\u1ea5t kh\u1ea9u ch\u1ee7 l\u1ef1c c\u1ee7a c\u00f4ng ty Ch\u00e1nh Thu. C\u00f4ng ty \u0111\u00e3 li\u00ean k\u1ebft v\u1edbi\u00a03 v\u00f9ng tr\u1ed3ng \u0111\u1ea1t ti\u00eau chu\u1ea9n <strong>VietGAP <\/strong>\u6807\u51c6\u7684\u79cd\u690d\u533a\u548c6\u4e2a\u83b7\u5f97\u7f8e\u56fd\u4ee3\u7801\u7684\u79cd\u690d\u533a <strong>\u8054\u7ed3\u3002<\/strong>.<\/p>\n<p style=\"text-align: justify;\">\u7ea2\u6bdb\u4e39\u662f\u751f\u6d3b\u4e2d\u5e38\u89c1\u7684\u6c34\u679c\uff0c\u6210\u719f\u65f6\u679c\u76ae\u5448\u9c9c\u7ea2\u8272\uff0c\u9999\u6c14\u6251\u9f3b\uff0c\u679c\u8089\u591a\u6c41\uff0c\u9999\u8106\u5473\u751c\u3002\u5f53\u4f60\u5265\u4e00\u4e2a\u7ea2\u6bdb\u4e39\u679c\u76ae\uff0c\u4eab\u53d7\u5176\u7f8e\u5473\u65f6\uff0c\u4f60\u4f1a\u5c31\u60f3\u5265\u7b2c\u4e8c\u4e2a\u548c\u7b2c\u4e09\u4e2a\u3002\u7ea2\u6bdb\u4e39\u4e0d\u4ec5\u5473\u9053\u8bf1\u4eba\uff0c\u8fd8\u542b\u6709\u591a\u79cd\u8425\u517b\u6210\u5206\uff0c\u5982\uff1a\u7ef4\u751f\u7d20C\u3001\u94dc\u3001\u9530\u3001\u94be\u3001\u9499\u3001\u94c1\u3001\u78f7\u3001\u7ea4\u7ef4\u7b49\u3002\u7531\u4e8e\u5176\u8425\u517b\u6210\u5206\u591a\uff0c\u6240\u4ee5\u8fd9\u79cd\u6c34\u679c\u5bf9\u5973\u6027\u7684\u8eab\u4f53\u5065\u5eb7\u548c\u7f8e\u5bb9\u517b\u989c\u975e\u5e38\u6709\u76ca\u3002<\/p>\n<p style=\"text-align: justify;\">\u6709\u5f88\u591a\u5973\u6027\u5bb3\u6015\u5403\u7ea2\u6bdb\u4e39\u4f1a\u5bfc\u81f4\u8eab\u4f53\u53d1\u70ed\u3002\u5176\u5b9e\uff0c\u4e00\u5929\u5403\u4e00\u5b9a\u91cf\u7684\u7ea2\u6bdb\u4e39\u4e0d\u4f1a\u53d1\u70ed\uff0c\u4e3a\u7f8e\u5bb9\u517b\u989c\u5e26\u6765\u8bb8\u591a\u7f8e\u5999\u7684\u6548\u679c\u3002<\/p>\n<ul style=\"text-align: justify;\">\n<li>\u7f8e\u80a4\uff1a\u56e0\u4e3a\u7ea2\u6bdb\u4e39\u542b\u6709\u5927\u91cf\u7684\u6c34\u5206\u548c\u6297\u6c27\u5316\u7269\u8d28\uff0c\u6240\u4ee5\u8fd8\u80fd\u4f7f\u76ae\u80a4\u66f4\u67d4\u8f6f\u3001\u66f4\u5149\u6cfd\u3001\u66f4\u5065\u5eb7\u3002<\/li>\n<li>\u7f8e\u53d1\uff1a\u5f53\u4f60\u7684\u5934\u53d1\u7f3a\u4e4f\u6d3b\u529b\u65f6\uff0c\u4f60\u53ef\u4ee5\u901a\u8fc7\u5c06\u7ea2\u6bdb\u4e39\u53f6\u5b50\u538b\u788e\uff0c\u52a0\u5165\u5c11\u8bb8\u6c34\uff0c\u7136\u540e\u5c06\u8fd9\u79cd\u6df7\u5408\u7269\u6d82\u62b9\u5728\u5934\u53d1\u4e0a\u7ea615\u5206\u949f\u3002\u5982\u679c\u7ecf\u5e38\u4f7f\u7528\uff0c\u7ea2\u6bdb\u4e39\u53f6\u4e2d\u7684\u6d3b\u6027\u6210\u5206\u5c06\u5e2e\u52a9\u4f60\u7684\u5934\u53d1\u6bcf\u4e00\u5929\u66f4\u5065\u5eb7\u7f8e\u4e3d\u3002<\/li>\n<\/ul>\n<p style=\"text-align: justify;\">\u6b64\u5916\uff0c\u7ea2\u6bdb\u4e39\u6811\u7684\u5176\u4ed6\u8fd8\u53ef\u4ee5\u9884\u9632\u548c\u6cbb\u7597\u4ee5\u4e0b\u8bb8\u591a\u75be\u75c5\uff1a<\/p>\n<ul>\n<li style=\"text-align: justify;\">\u6cbb\u7597\u9ad8\u8840\u538b\u548c\u7cd6\u5c3f\u75c5\uff1a\u8fd9\u662f\u5370\u5ea6\u5c3c\u897f\u4e9a\u548c\u9a6c\u6765\u897f\u4e9a\u4eba\u6c11\u51e0\u5341\u5e74\u6765\u91c7\u7528\u7684\u65b9\u6cd5\u3002\u64cd\u4f5c\u6b65\u9aa4\u5982\u4e0b\uff1a\u53d605\u4e2a\u7ea2\u6bdb\u4e39\u7c7d\uff0c\u70e4\u597d\u5e76\u6363\u6210\u7c89\u672b\uff0c\u52a0\u5165\u5f00\u6c34\uff0c\u6405\u62cc\u5747\u5300\uff0c\u653e\u51c9\u996e\u7528\uff0c\u6bcf\u59291-2\u6b21\u3002<\/li>\n<li style=\"text-align: justify;\">\u523a\u6fc0\u8840\u7ec6\u80de\uff1a\u7ea2\u6bdb\u4e39\u679c\u5b9e\u8fd8\u542b\u6709\u94dc\u548c\u94c1\uff0c\u5bf9\u4e8e\u523a\u6fc0\u8eab\u4f53\u4ea7\u751f\u7ea2\u7ec6\u80de\u548c\u767d\u7ec6\u80de\u81f3\u5173\u91cd\u8981\u3002\u4ece\u800c\uff0c\u6709\u52a9\u4e8e\u8eab\u4f53\u63a7\u5236\u8d2b\u8840\u5f15\u8d77\u7684\u5934\u6655\u548c\u75b2\u52b3\u3002<\/li>\n<li style=\"text-align: justify;\">\u6392\u9664\u80be\u810f\u4e2d\u7684\u6bd2\u7d20\uff1a\u7531\u4e8e\u7ea2\u6bdb\u4e39\u679c\u5b9e\u4e2d\u542b\u6709\u5927\u91cf\u7684\u78f7\uff0c\u80be\u810f\u4e2d\u7684\u5e9f\u7269\u548c\u6bd2\u7d20\u5f88\u5bb9\u6613\u88ab\u6392\u9664\u3002\u8fd9\u79cd\u7269\u8d28\u5bf9\u4e8e\u4f53\u5185\u7ec4\u7ec7\u7684\u751f\u957f\u3001\u4fee\u590d\u3001\u7ef4\u6301\u548c\u523a\u6fc0\u81f3\u5173\u91cd\u8981\u3002<\/li>\n<\/ul>","protected":false},"excerpt":{"rendered":"<p><strong>7\/24 \u5c0f\u65f6\u652f\u7279\u70ed\u7ebf<\/strong><br \/>\n<em>Email:<\/em> sales@chanhthu.com<br \/>\n<em>Hotline:<\/em> 0889.269.777<\/p>\n<p>&nbsp;<\/p>\n<h4><strong>Thai&amp; Nhan\u7ea2\u6bdb\u4e39<\/strong><\/h4>\n<table style=\"width: 100%;\" border=\"1\">\n<tbody>\n<tr>\n<td style=\"text-align: center;\"><\/td>\n<td style=\"text-align: center;\">Thai \u7ea2\u6bdb\u4e39<\/td>\n<td style=\"text-align: center;\">Nhan \u7ea2\u6bdb\u4e39<\/td>\n<\/tr>\n<tr>\n<td style=\"text-align: center;\">\u7cd6\u5ea6<\/td>\n<td style=\"text-align: center;\">18 &#8211; 22%<\/td>\n<td style=\"text-align: center;\">18 &#8211; 22%<\/td>\n<\/tr>\n<tr>\n<td style=\"text-align: center;\">\u5c3a\u5bf8<\/td>\n<td style=\"text-align: center;\">28 \u2013 32 \u679c\/kg<\/td>\n<td style=\"text-align: center;\">28 \u2013 35 \u679c\/kg<\/td>\n<\/tr>\n<tr>\n<td style=\"text-align: center;\">\u6210\u5206<\/td>\n<td style=\"text-align: center;\">100% \u7ea2\u6bdb\u4e39<\/td>\n<td style=\"text-align: center;\">100% \u7ea2\u6bdb\u4e39<\/td>\n<\/tr>\n<tr>\n<td style=\"text-align: center;\">\u5b63\u8282<\/td>\n<td style=\"text-align: center;\">\u5e38\u5e74<\/td>\n<td style=\"text-align: center;\">\u5e38\u5e74<\/td>\n<\/tr>\n<tr>\n<td style=\"text-align: center;\">\u50a8\u5b58\u60c5\u51b5<\/td>\n<td style=\"text-align: center;\">\u65b0\u9c9c 16 \u00f7 18<sup>o <\/sup>C<\/td>\n<td style=\"text-align: center;\">\u65b0\u9c9c 16 \u00f7 18<sup>o <\/sup>C<\/td>\n<\/tr>\n<tr>\n<td style=\"text-align: center;\">\u4fdd\u8d28\u671f<\/td>\n<td style=\"text-align: center;\">\u65b0\u9c9c 7 \u5929<\/td>\n<td style=\"text-align: center;\">\u65b0\u9c9c 7 \u5929<\/td>\n<\/tr>\n<\/tbody>\n<\/table>\n<h4><strong>Java Rambutan<\/strong><\/h4>\n<table style=\"width: 100%;\" border=\"1\">\n<tbody>\n<tr>\n<td style=\"width: 34.5742%; text-align: center;\"><\/td>\n<td style=\"width: 64.443%; text-align: center;\">Java Rambutan<\/td>\n<\/tr>\n<tr>\n<td style=\"width: 34.5742%; text-align: center;\">\u7cd6\u5ea6<\/td>\n<td style=\"width: 64.443%; text-align: center;\">18 &#8211; 22%<\/td>\n<\/tr>\n<tr>\n<td style=\"width: 34.5742%; text-align: center;\">\u5c3a\u5bf8<\/td>\n<td style=\"width: 64.443%; text-align: center;\">28 \u2013 32 \u679c\/kg<\/td>\n<\/tr>\n<tr>\n<td style=\"width: 34.5742%; text-align: center;\">\u6210\u5206<\/td>\n<td style=\"width: 64.443%; text-align: center;\">100% \u7ea2\u6bdb\u4e39<\/td>\n<\/tr>\n<tr>\n<td style=\"width: 34.5742%; text-align: center;\">\u5b63\u8282<\/td>\n<td style=\"width: 64.443%; text-align: center;\">\u5e38\u5e74<\/td>\n<\/tr>\n<tr>\n<td style=\"width: 34.5742%; text-align: center;\">\u50a8\u5b58\u60c5\u51b5<\/td>\n<td style=\"width: 64.443%; text-align: center;\">\u65b0\u9c9c 16 \u00f7 18<sup>o <\/sup>C<\/td>\n<\/tr>\n<tr>\n<td style=\"width: 34.5742%; text-align: center;\">\u4fdd\u8d28\u671f<\/td>\n<td style=\"width: 64.443%; text-align: center;\">\u65b0\u9c9c 7 \u5929<\/td>\n<\/tr>\n<\/tbody>\n<\/table>","protected":false},"featured_media":107,"comment_status":"open","ping_status":"closed","template":"","meta":[],"product_brand":[],"product_cat":[20],"product_tag":[],"class_list":{"0":"post-104","1":"product","2":"type-product","3":"status-publish","4":"has-post-thumbnail","6":"product_cat-trai-cay-xuat-khau","8":"first","9":"instock","10":"shipping-taxable","11":"product-type-simple"},"_links":{"self":[{"href":"https:\/\/chanhthu.com\/zh\/wp-json\/wp\/v2\/product\/104","targetHints":{"allow":["GET"]}}],"collection":[{"href":"https:\/\/chanhthu.com\/zh\/wp-json\/wp\/v2\/product"}],"about":[{"href":"https:\/\/chanhthu.com\/zh\/wp-json\/wp\/v2\/types\/product"}],"replies":[{"embeddable":true,"href":"https:\/\/chanhthu.com\/zh\/wp-json\/wp\/v2\/comments?post=104"}],"wp:featuredmedia":[{"embeddable":true,"href":"https:\/\/chanhthu.com\/zh\/wp-json\/wp\/v2\/media\/107"}],"wp:attachment":[{"href":"https:\/\/chanhthu.com\/zh\/wp-json\/wp\/v2\/media?parent=104"}],"wp:term":[{"taxonomy":"product_brand","embeddable":true,"href":"https:\/\/chanhthu.com\/zh\/wp-json\/wp\/v2\/product_brand?post=104"},{"taxonomy":"product_cat","embeddable":true,"href":"https:\/\/chanhthu.com\/zh\/wp-json\/wp\/v2\/product_cat?post=104"},{"taxonomy":"product_tag","embeddable":true,"href":"https:\/\/chanhthu.com\/zh\/wp-json\/wp\/v2\/product_tag?post=104"}],"curies":[{"name":"wp","href":"https:\/\/api.w.org\/{rel}","templated":true}]}}