{"id":120,"date":"2024-03-24T14:40:33","date_gmt":"2024-03-24T07:40:33","guid":{"rendered":"https:\/\/new.chanhthu.com\/?post_type=product&#038;p=120"},"modified":"2026-02-12T13:56:41","modified_gmt":"2026-02-12T06:56:41","slug":"nhan","status":"publish","type":"product","link":"https:\/\/chanhthu.com\/zh\/nhan\/","title":{"rendered":"\u9f99\u773c"},"content":{"rendered":"<p style=\"text-align: justify;\">Nh\u00e3n l\u00e0 lo\u1ea1i qu\u1ea3 \u0111\u1eb7c s\u1ea3n c\u1ee7a Vi\u1ec7t Nam, mi\u1ec1n B\u1eafc c\u00f3 nh\u00e3n l\u1ed3ng, mi\u1ec1n Nam c\u00f3 nh\u00e3n ti\u00eau da b\u00f2, nh\u00e3n xu\u1ed3ng, nh\u00e3n edor,\u2026 V\u1edbi kh\u00ed h\u1eadu thu\u1eadn l\u1ee3i, ch\u1ee3 L\u00e1ch, B\u1ebfn Tre l\u00e0 v\u00f9ng \u0111\u1ea5t tr\u1ed3ng v\u00e0 xu\u1ea5t kh\u1ea9u nh\u00e3n nhi\u1ec1u nh\u1ea5t Nam B\u1ed9. Khai th\u00e1c l\u1ee3i th\u1ebf n\u00e0y, Ch\u00e1nh Thu \u0111\u00e3 xu\u1ea5t kh\u1ea9u qu\u1ea3 nh\u00e3n v\u00e0o th\u1ecb tr\u01b0\u1eddng M\u1ef9 n\u0103m 2015. Nh\u1eadn \u0111\u01b0\u1ee3c ph\u1ea3n h\u1ed3i t\u00edch c\u1ef1c t\u1eeb ng\u01b0\u1eddi ti\u00eau d\u00f9ng, Ch\u00e1nh Thu \u0111\u00e3 li\u00ean t\u1ee5c t\u0103ng s\u1ea3n l\u01b0\u1ee3ng xu\u1ea5t kh\u1ea9u. Hi\u1ec7n t\u1ea1i, \u0111\u1ec3 \u0111\u1ea3m b\u1ea3o s\u1ed1 l\u01b0\u1ee3ng v\u00e0 ch\u1ea5t l\u01b0\u1ee3ng qu\u1ea3 nh\u00e3n cung c\u1ea5p, Ch\u00e1nh Thu \u0111\u00e3 li\u00ean k\u1ebft \u0111\u01b0\u1ee3c v\u1edbi\u00a003 v\u00f9ng tr\u1ed3ng \u0111\u1ea1t ti\u00eau chu\u1ea9n <strong>VietGAP<\/strong>\u6807\u51c6\u7684\u79cd\u690d\u533a\u548c06\u4e2a\u83b7\u5f97\u7f8e\u56fd\u4ee3\u7801\u7684\u79cd\u690d\u533a <strong>\u8054\u7ed3\u3002<\/strong>.<\/p>\n<p style=\"text-align: justify;\">\u9f99\u773c\u662f\u4e00\u79cd\u53ef\u4ee5\u9c9c\u5403\u6216\u7ecf\u8fc7\u4e7e\u70d8\u5904\u7406\u98df\u7528\u7684\u6c34\u679c\uff0c\u6210\u719f\u540e\u5448\u73b0\u51fa\u4e0d\u540c\u9f99\u773c\u54c1\u79cd\u7279\u6709\u7684\u9ec4\u8272\u3002\u539a\u8089\u591a\u6c41\u7684\u9f99\u773c\u8089\u4e3a\u98df\u7528\u8005\u5e26\u6765\u820c\u5c16\u4e0a\u7684\u6fc3\u9b31\u751c\u5473\u3002\u9f99\u773c\u679c\u65e2\u5473\u7f8e\uff0c\u8425\u517b\u53c8\u4e30\u5bcc\u3002\u6839\u636e\u6d77\u4e0a\u61d2\u7fc1\u533b\u4e66\u8bb0\u8f7d\uff0c\u9f99\u773c\u662f\u4e00\u79cd\u975e\u5e38\u73cd\u8d35\u7684\u836f\u7269\u3002\u4ed6\u8ba4\u4e3a\uff0c\u591a\u559d\u53ef\u4ee4\u5176\u610f\u5fd7\u8070\u654f\uff0c\u7528\u4e45\u4e86\uff0c\u8eab\u5fc3\u8f7b\u677e\uff0c\u4fdd\u6301\u9752\u6625\u7684\u836f\u7269\u3002\u65b0\u9c9c\u65f6\u7684\u9f99\u773c\u8089\u542b\u670977.15%\u6c34\u5206\u30010.01%\u7070\u5206\u30010.13%\u8102\u80aa\u30011.47%\u86cb\u767d\u8d28\u300120.55%\u6c34\u6eb6\u6027\u6c2e\u5316\u5408\u7269\u300112.25%\u8517\u7cd6\u3001\u7ef4\u751f\u7d20A\u548c\u7ef4\u751f\u7d20B\u3002\u9f99\u773c\u5e72\uff08\u9f99\u773c\u8089\uff09\u542b\u67090.85%\u6c34\u5206\u300179.77%\u6c34\u6eb6\u6027\u805a\u5408\u7269\u300119.39%\u6c34\u4e0d\u6eb6\u6027\u805a\u5408\u7269\u30013.36%\u7070\u5206\u3002\u6c34\u6eb6\u6027\u805a\u5408\u7269\u542b\u670926.91%\u8461\u8404\u7cd6\u30010.22%\u8517\u7cd6\u30011.26%\u9152\u77f3\u9178\u30016.309%\u542b\u6c2e\u7269\u8d28\u3002\u9f99\u773c\u6838\u542b\u6709\u6dc0\u7c89\u3001\u7682\u82f7\u3001\u8102\u80aa\u548c\u5355\u5b81\u3002<\/p>\n<p style=\"text-align: justify;\">\u7531\u4e8e\u542b\u6709\u8fd9\u4e48\u591a\u8425\u517b\u7d20\uff0c\u6240\u4ee5\u9f99\u773c\u8fd8\u53ef\u4ee5\u6cbb\u7597\u8bb8\u591a\u75be\u75c5\uff1a<\/p>\n<ul>\n<li style=\"text-align: justify;\">\u80c3\u75db\uff1a\u9f99\u773c\u6c41\u4ee5\u5176\u7528\u4e8e\u6cbb\u7597\u548c\u9884\u9632\u80c3\u75db\u548c\u8bb0\u5fc6\u4e27\u5931\u800c\u95fb\u540d\u3002\u5927\u5bb6\u53ef\u4ee5\u76f4\u63a5\u996e\u7528\u65b0\u9c9c\u9f99\u773c\u6c41\uff0c\u6216\u5c06\u9f99\u773c\u8089\u6d78\u6ce1\u5728\u7cd6\u6c34\u4e2d\u6570\u5468\uff0c\u4ee5\u83b7\u5f97\u6c41\u6db2\uff0c\u4e0e\u8fc7\u6ee4\u6c34\u6df7\u5408\u5e76\u559d\u7740\u3002<\/li>\n<li style=\"text-align: justify;\">\u6539\u5584\u8840\u6db2\u5faa\u73af\uff1a\u9f99\u773c\u53ef\u589e\u5f3a\u4f53\u5185\u94c1\u7684\u5438\u6536\uff0c\u6709\u52a9\u4e8e\u9650\u5236\u8d2b\u8840\uff0c\u4e3a\u813e\u810f\u548c\u5fc3\u810f\u9644\u8fd1\u7684\u795e\u7ecf\u7cfb\u7edf\u521b\u9020\u6109\u60a6\u7684\u611f\u89c9\u3002\u6b64\u5916\uff0c\u9f99\u773c\u8fd8\u53ef\u4ee5\u4fdd\u62a4\u8eab\u4f53\u514d\u53d7\u80f0\u817a\u75be\u75c5\u7684\u98ce\u9669\uff0c\u5bf9\u5973\u6027\u751f\u6b96\u5668\u5b98\u6709\u5f88\u5927\u597d\u5904\u3002<\/li>\n<li style=\"text-align: justify;\">\u52a0\u5f3a\u819d\u5173\u8282\uff1a2013\u5e74\u7684\u4e00\u9879\u7814\u7a76\u8868\u660e\uff0c\u94dc\u7b49\u77ff\u7269\u8d28\u542b\u91cf\u4f4e\u7684\u7edd\u7ecf\u540e\u5973\u6027\u5728\u8001\u5e74\u65f6\u66f4\u5bb9\u6613\u60a3\u9aa8\u8d28\u758f\u677e\u75c7\u3002\u636e\u5efa\u8bae\uff0c\u6210\u5e74\u4eba\u6bcf\u5929\u5e94\u6d88\u8017900mg\u94dc\u3002100g\u65b0\u9c9c\u9f99\u773c\u53ef\u63d0\u4f9b19%\u94dc\uff0c\u800c100g\u9f99\u773c\u5e72\u542b\u6709\u9ad8\u8fbe807mg\u94dc\uff0c\u63d0\u4f9b\u6210\u4eba\u6bcf\u5929\u5e94\u6d88\u801790%\u94dc\u3002<\/li>\n<li style=\"text-align: justify;\">\u9884\u9632\u773c\u90e8\u95ee\u9898\uff1a\u6838\u9ec4\u7d20\u662f\u7ef4\u751f\u7d20B\u7ec4\u4e2d\u7684\u4e00\u79cd\u91cd\u8981\u7ef4\u751f\u7d20\u3002\u7537\u6027\u6bcf\u5929\u9700\u89811.3mg\u6838\u9ec4\u7d20\uff0c\u5973\u6027\u9700\u89811.1mg\u3002\u6839\u636e2005\u5e74\u7684\u4e00\u9879\u7814\u7a76\uff0c\u6838\u9ec4\u7d20\u5438\u6536\u4e0d\u8db3\u4f1a\u589e\u52a0\u60a3\u773c\u90e8\u75be\u75c5\u7684\u98ce\u9669\uff0c\u5c24\u5176\u662f\u767d\u5185\u969c\u3002100g\u65b0\u9c9c\u9f99\u773c\u53ef\u63d0\u4f9b0.14mg\u6838\u9ec4\u7d20\uff0c\u800c 100g\u9f99\u773c\u5e72\u53ef\u63d0\u4f9b0.5mg\u3002<\/li>\n<\/ul>","protected":false},"excerpt":{"rendered":"<p><strong>7\/24 \u5c0f\u65f6\u652f\u7279\u70ed\u7ebf<\/strong><br \/>\n<em>Email:<\/em> sales@chanhthu.com<br \/>\n<em>Hotline:<\/em> 0889.269.777<\/p>\n<table style=\"width: 100%;\" border=\"1\">\n<tbody>\n<tr>\n<td style=\"text-align: center;\"><\/td>\n<td style=\"text-align: center;\">Edawn\u9f99\u773c<\/td>\n<td style=\"text-align: center;\">\u76db\u5b89\u9f99\u773c<\/td>\n<\/tr>\n<tr>\n<td style=\"text-align: center;\">\u7cd6\u5ea6<\/td>\n<td style=\"text-align: center;\">18-21%<\/td>\n<td style=\"text-align: center;\">18-21%<\/td>\n<\/tr>\n<tr>\n<td style=\"text-align: center;\">\u5c3a\u5bf8<\/td>\n<td style=\"text-align: center;\">\u76f4\u5f84 &gt; 2.45cm<\/td>\n<td style=\"text-align: center;\">\u76f4\u5f84 &gt; 2.45cm<\/td>\n<\/tr>\n<tr>\n<td style=\"text-align: center;\">\u6210\u5206<\/td>\n<td style=\"text-align: center;\">100%\u9f99\u773c<\/td>\n<td style=\"text-align: center;\">100%\u9f99\u773c<\/td>\n<\/tr>\n<tr>\n<td style=\"text-align: center;\">\u5b63\u8282<\/td>\n<td style=\"text-align: center;\">\u5e38\u5e74<\/td>\n<td style=\"text-align: center;\">\u5e38\u5e74<\/td>\n<\/tr>\n<tr>\n<td style=\"text-align: center;\">\u50a8\u5b58\u60c5\u51b5<\/td>\n<td style=\"text-align: center;\">\u65b0\u9c9c0\u00f72<sup>o <\/sup>C<br \/>\n\u51b7\u51bb-18\u00f7-22<sup>o <\/sup>C<\/td>\n<td style=\"text-align: center;\">\u65b0\u9c9c0\u00f72<sup>o <\/sup>C<br \/>\n\u51b7\u51bb-18\u00f7-22<sup>o <\/sup>C<\/td>\n<\/tr>\n<tr>\n<td style=\"text-align: center;\">\u4fdd\u8d28\u671f<\/td>\n<td style=\"text-align: center;\">\u65b0\u9c9c30\u5929<br \/>\n\u51b7\u51bb24\u4e2a\u6708<\/td>\n<td style=\"text-align: center;\">\u65b0\u9c9c30\u5929<br \/>\n\u51b7\u51bb24\u4e2a\u6708<\/td>\n<\/tr>\n<\/tbody>\n<\/table>","protected":false},"featured_media":122,"comment_status":"open","ping_status":"closed","template":"","meta":[],"product_brand":[],"product_cat":[20],"product_tag":[],"class_list":{"0":"post-120","1":"product","2":"type-product","3":"status-publish","4":"has-post-thumbnail","6":"product_cat-trai-cay-xuat-khau","8":"first","9":"instock","10":"shipping-taxable","11":"product-type-simple"},"_links":{"self":[{"href":"https:\/\/chanhthu.com\/zh\/wp-json\/wp\/v2\/product\/120","targetHints":{"allow":["GET"]}}],"collection":[{"href":"https:\/\/chanhthu.com\/zh\/wp-json\/wp\/v2\/product"}],"about":[{"href":"https:\/\/chanhthu.com\/zh\/wp-json\/wp\/v2\/types\/product"}],"replies":[{"embeddable":true,"href":"https:\/\/chanhthu.com\/zh\/wp-json\/wp\/v2\/comments?post=120"}],"wp:featuredmedia":[{"embeddable":true,"href":"https:\/\/chanhthu.com\/zh\/wp-json\/wp\/v2\/media\/122"}],"wp:attachment":[{"href":"https:\/\/chanhthu.com\/zh\/wp-json\/wp\/v2\/media?parent=120"}],"wp:term":[{"taxonomy":"product_brand","embeddable":true,"href":"https:\/\/chanhthu.com\/zh\/wp-json\/wp\/v2\/product_brand?post=120"},{"taxonomy":"product_cat","embeddable":true,"href":"https:\/\/chanhthu.com\/zh\/wp-json\/wp\/v2\/product_cat?post=120"},{"taxonomy":"product_tag","embeddable":true,"href":"https:\/\/chanhthu.com\/zh\/wp-json\/wp\/v2\/product_tag?post=120"}],"curies":[{"name":"wp","href":"https:\/\/api.w.org\/{rel}","templated":true}]}}