{"id":124,"date":"2024-03-24T14:43:06","date_gmt":"2024-03-24T07:43:06","guid":{"rendered":"https:\/\/new.chanhthu.com\/?post_type=product&#038;p=124"},"modified":"2026-02-12T13:57:08","modified_gmt":"2026-02-12T06:57:08","slug":"thanh-long","status":"publish","type":"product","link":"https:\/\/chanhthu.com\/zh\/thanh-long\/","title":{"rendered":"\u706b\u9f99\u679c"},"content":{"rendered":"<p style=\"text-align: justify;\">Thanh long l\u00e0 m\u1ed9t lo\u1ea1i c\u00e2y \u0103n qu\u1ea3 thu\u1ed9c h\u1ecd x\u01b0\u01a1ng r\u1ed3ng c\u00f3 ngu\u1ed3n g\u1ed1c t\u1eeb mexico. T\u1ea1i Vi\u1ec7t Nam, thanh long ph\u00f9 h\u1ee3p v\u1edbi kh\u00ed h\u1eadu v\u00e0 th\u1ed5 nh\u01b0\u1ee1ng c\u1ee7a v\u00f9ng \u0111\u1ed3ng b\u1eb1ng s\u00f4ng C\u1eedu Long n\u00ean mang h\u01b0\u01a1ng v\u1ecb \u0111\u1eb7c s\u1eafc. Hi\u1ec7n t\u1ea1i, Ch\u00e1nh Thu \u0111ang \u0111\u1ea9y m\u1ea1nh xu\u1ea5t kh\u1ea9u lo\u1ea1i qu\u1ea3 n\u00e0y v\u1edbi s\u1ef1 li\u00ean k\u1ebft c\u00f9ng 1 v\u00f9ng tr\u1ed3ng \u0111\u01b0\u1ee3c c\u1ea5p <strong>\u8054\u7ed3\u3002<\/strong>\u6210\u719f\u65f6\uff0c\u706b\u9f99\u679c\u76ae\u5448\u7ea2\u8272\uff0c\u6839\u636e\u706b\u9f99\u679c\u679c\u8089\u7684\u989c\u8272\u53ef\u5206\u4e3a2\u79cd\uff1a\u7ea2\u8089\u706b\u9f99\u679c\u548c\u767d\u8089\u706b\u9f99\u679c\u3002<\/p>\n<p style=\"text-align: justify;\">\u5728\u8425\u517b\u65b9\u9762\uff0c\u706b\u9f99\u679c\u662f\u4e00\u79cd\u53d7\u5230\u9ad8\u5ea6\u8bc4\u4ef7\u7684\u6c34\u679c\u3002\u6839\u636eLife Hack\u520a\u671f\u7684\u4e00\u9879\u7814\u7a76\uff0c\u706b\u9f99\u679c\u5e73\u5747\u542b\u6709\u7ea660\u5361\u8def\u91cc\u300160mg\u94a0\u30018g\u7cd6\u30012g\u4e0d\u9971\u548c\u8102\u80aa\u548c2g\u86cb\u767d\u8d28\u3002\u6b64\u5916\uff0c\u706b\u9f99\u679c\u8fd8\u542b\u6709\u7ef4\u751f\u7d20C\u3001B1\u3001B2\u548cB3\u4ee5\u53ca\u78f7\u3001\u94c1\u548c\u9499\u7b49\u4eba\u4f53\u5fc5\u987b\u7684\u77ff\u7269\u8d28\u3002100G\u706b\u9f99\u679c\u53ef\u63d0\u4f9b21mg\u7ef4\u751f\u7d20C\uff0c\u76f8\u5f53\u4e8e\u4eba\u4f53\u6bcf\u5929\u6240\u9700\u7ef4\u751f\u7d20C\u91cf\u768434%\uff0c\u5e76\u63d0\u4f9b3g\u7ea4\u7ef4\uff0c\u76f8\u5f53\u4e8e\u6bcf\u5929\u6240\u9700\u7ea4\u7ef4\u91cf\u768412%\u3002\u56e0\u6b64\uff0c\u706b\u9f99\u679c\u5177\u6709\u6cbb\u7597\u591a\u79cd\u75be\u75c5\u7684\u529f\u6548\u3002<\/p>\n<ul style=\"text-align: justify;\">\n<li>\u6709\u52a9\u4e8e\u6d88\u5316\uff1a\u5403\u706b\u9f99\u679c\u4e5f\u53ef\u4ee5\u5e2e\u52a9\u6e05\u6d01\u6d88\u5316\u7cfb\u7edf\u3002\u706b\u9f99\u679c\u7684\u7ea4\u7ef4\u542b\u91cf\u975e\u5e38\u9ad8\uff0c\u53ef\u4ee5\u6539\u5584\u6d88\u5316\u4e0d\u826f\uff0c\u7f13\u89e3\u4fbf\u79d8\u75c7\u72b6\u3002<\/li>\n<li>\u9884\u9632\u7cd6\u5c3f\u75c5\uff1a\u706b\u9f99\u679c\u4e2d\u4e30\u5bcc\u7684\u7ea4\u7ef4\u53ef\u4ee5\u63a7\u5236\u8840\u7cd6\uff0c\u9884\u9632\u60a3\u7cd6\u5c3f\u75c5\u7684\u98ce\u9669\u3002\u4e5f\u5bf9\u60a3\u6709\u8fd9\u79cd\u75be\u75c5\u7684\u4eba\u6709\u76ca\u3002<\/li>\n<li>\u7f13\u6162\u5173\u8282\u708e\uff1a\u5173\u8282\u708e\u662f\u4e00\u79cd\u76f4\u63a5\u5f71\u54cd\u5173\u8282\u7684\u75be\u75c5\uff0c\u5bf9\u5173\u8282\u9020\u6210\u523a\u6fc0\uff0c\u751a\u81f3\u5bfc\u81f4\u762b\u75ea\u3002\u5728\u65e5\u5e38\u996e\u98df\u4e2d\u6dfb\u52a0\u706b\u9f99\u679c\u6709\u52a9\u4e8e\u5bf9\u6297\u708e\u75c7\u548c\u7f13\u6162\u5173\u8282\u708e\u3002\n\u4ee5\u53ca\u5176\u4ed6\u7f8e\u5bb9\u6548\u679c\uff0c\u5982\uff1a<\/li>\n<\/ul>\n<p style=\"text-align: justify;\">\u4ee5\u53ca\u5176\u4ed6\u7f8e\u5bb9\u6548\u679c\uff0c\u5982\uff1a<\/p>\n<ul>\n<li style=\"text-align: justify;\">\u51cf\u6162\u8870\u8001\u8ff9\u8c61\uff1a\u706b\u9f99\u679c\u7684\u6297\u6c27\u5316\u7269\u8d28\u6709\u52a9\u4e8e\u51cf\u5c11\u81ea\u7531\u57fa\u5bf9\u4f53\u5185\u7ec6\u80de\u7684\u635f\u5bb3\u3002\u8fd9\u7ed9\u4f60\u5e74\u8f7b\u5149\u6cfd\u7684\u76ae\u80a4\u3002\u4f60\u53ef\u4ee5\u4f7f\u7528\u706b\u9f99\u679c\u7ed3\u5408\u8702\u871c\u7684\u9762\u819c\u6765\u5bf9\u6297\u76ae\u80a4\u8001\u5316\u3002<\/li>\n<li style=\"text-align: justify;\">\u6cbb\u7597\u75e4\u75ae\uff1a\u8fd9\u79cd\u5bcc\u542b\u7ef4\u751f\u7d20C\u7684\u6c34\u679c\u88ab\u8ba4\u4e3a\u6cbb\u7597\u75e4\u75ae\u7684\u6709\u6548\u5929\u7136\u5916\u7528\u8f6f\u818f\u3002\u4f60\u53ef\u4ee5\u5c06\u706b\u9f99\u679c\u538b\u788e\uff0c\u5e76\u5c06\u5176\u6d82\u62b9\u5728\u75e4\u75ae\u90e8\u4f4d\uff0c\u9759\u7f6e\u7ea610\u5206\u949f\uff0c\u7136\u540e\u7528\u6c34\u51b2\u6d17\u5e72\u51c0\u3002\u6bcf\u5929\u6d82\u62b902\u6b21\u4ee5\u83b7\u5f97\u6700\u4f73\u6548\u679c\u3002<\/li>\n<li style=\"text-align: justify;\">\u6cbb\u7597\u6652\u4f24\uff1a\u706b\u9f99\u679c\u7ed3\u5408\u9ec4\u74dc\u548c\u8702\u871c\uff0c\u4f60\u53ef\u4ee5\u5236\u6210\u4e00\u79cd\u53ef\u4ee5\u6709\u6548\u8212\u7f13\u6652\u4f24\u76ae\u80a4\u7684\u7cca\u72b6\u7269\u3002\u706b\u9f99\u679c\u4e2d\u4e30\u5bcc\u7684\u7ef4\u751f\u7d20B3\u6709\u52a9\u4e8e\u6ecb\u6da6\u76ae\u80a4\uff0c\u5728\u53d7\u5f71\u54cd\u7684\u76ae\u80a4\u90e8\u4f4d\u91ca\u653e\u70ed\u91cf\u3002<\/li>\n<li style=\"text-align: justify;\">\u6cbb\u7597\u8f7b\u5ea6\u70e7\u4f24\uff1a\u6839\u636eStyle Craze\u7684\u7814\u7a76\uff0c\u4f60\u53ea\u9700\u5c06\u706b\u9f99\u679c\u6811\u7684\u76ae\u548c\u523a\u5265\u53bb\uff0c\u7528\u7a00\u76d0\u6c34\u6e05\u6d17\u540e\u6363\u788e\uff0c\u5e76\u5c06\u5176\u63d0\u53d6\u7269\u6d82\u62b9\uff0c\u6216\u7528\u5176\u6b8b\u6e23\u7269\u8986\u76d6\u70e7\u4f24\u90e8\u4f4d\uff0c\u4ece\u800c\u4f1a\u7f13\u89e3\u75bc\u75db\u3002<\/li>\n<\/ul>","protected":false},"excerpt":{"rendered":"<p><strong>7\/24 \u5c0f\u65f6\u652f\u7279\u70ed\u7ebf<\/strong><\/p>\n<p><em>Email:<\/em> sales@chanhthu.com<br \/>\n<em>Hotline:<\/em> 0889.269.777<\/p>\n<table style=\"width: 100%;\" border=\"1\">\n<tbody>\n<tr>\n<td><\/td>\n<td style=\"text-align: center;\">\u767d\u8089\u706b\u9f99\u679c<\/td>\n<td style=\"text-align: center;\">\u7ea2\u8089\u706b\u9f99\u679c<\/td>\n<\/tr>\n<tr>\n<td style=\"text-align: center;\">\u7cd6\u5ea6<\/td>\n<td style=\"text-align: center;\">13-15%<\/td>\n<td style=\"text-align: center;\">18-21%<\/td>\n<\/tr>\n<tr>\n<td style=\"text-align: center;\">\u5c3a\u5bf8<\/td>\n<td style=\"text-align: center;\">380 &#8211; 780 gram<\/td>\n<td style=\"text-align: center;\">380 &#8211; 780 gram<\/td>\n<\/tr>\n<tr>\n<td style=\"text-align: center;\">\u6210\u5206<\/td>\n<td style=\"text-align: center;\">100% \u706b\u9f99\u679c<\/td>\n<td style=\"text-align: center;\">100% \u706b\u9f99\u679c<\/td>\n<\/tr>\n<tr>\n<td style=\"text-align: center;\">\u5b63\u8282<\/td>\n<td style=\"text-align: center;\">\u5e38\u5e74<\/td>\n<td style=\"text-align: center;\">\u5e38\u5e74<\/td>\n<\/tr>\n<tr>\n<td style=\"text-align: center;\">\u50a8\u5b58\u60c5\u51b5<\/td>\n<td style=\"text-align: center;\">\u65b0\u9c9c 3 \u00f7 5<sup>o <\/sup>C<br \/>\n\u51b7\u51bb-18\u00f7-22<sup>o <\/sup>C<\/td>\n<td style=\"text-align: center;\">\u65b0\u9c9c 3 \u00f7 5<sup>o <\/sup>C<br \/>\n\u51b7\u51bb-18\u00f7-22<sup>o <\/sup>C<\/td>\n<\/tr>\n<tr>\n<td style=\"text-align: center;\">\u4fdd\u8d28\u671f<\/td>\n<td style=\"text-align: center;\">\u65b0\u9c9c30\u5929<br \/>\n\u51b7\u51bb24\u4e2a\u6708<\/td>\n<td style=\"text-align: center;\">\u65b0\u9c9c30\u5929<br \/>\n\u51b7\u51bb24\u4e2a\u6708<\/td>\n<\/tr>\n<\/tbody>\n<\/table>","protected":false},"featured_media":125,"comment_status":"open","ping_status":"closed","template":"","meta":[],"product_brand":[],"product_cat":[20],"product_tag":[],"class_list":{"0":"post-124","1":"product","2":"type-product","3":"status-publish","4":"has-post-thumbnail","6":"product_cat-trai-cay-xuat-khau","8":"first","9":"instock","10":"shipping-taxable","11":"product-type-simple"},"_links":{"self":[{"href":"https:\/\/chanhthu.com\/zh\/wp-json\/wp\/v2\/product\/124","targetHints":{"allow":["GET"]}}],"collection":[{"href":"https:\/\/chanhthu.com\/zh\/wp-json\/wp\/v2\/product"}],"about":[{"href":"https:\/\/chanhthu.com\/zh\/wp-json\/wp\/v2\/types\/product"}],"replies":[{"embeddable":true,"href":"https:\/\/chanhthu.com\/zh\/wp-json\/wp\/v2\/comments?post=124"}],"wp:featuredmedia":[{"embeddable":true,"href":"https:\/\/chanhthu.com\/zh\/wp-json\/wp\/v2\/media\/125"}],"wp:attachment":[{"href":"https:\/\/chanhthu.com\/zh\/wp-json\/wp\/v2\/media?parent=124"}],"wp:term":[{"taxonomy":"product_brand","embeddable":true,"href":"https:\/\/chanhthu.com\/zh\/wp-json\/wp\/v2\/product_brand?post=124"},{"taxonomy":"product_cat","embeddable":true,"href":"https:\/\/chanhthu.com\/zh\/wp-json\/wp\/v2\/product_cat?post=124"},{"taxonomy":"product_tag","embeddable":true,"href":"https:\/\/chanhthu.com\/zh\/wp-json\/wp\/v2\/product_tag?post=124"}],"curies":[{"name":"wp","href":"https:\/\/api.w.org\/{rel}","templated":true}]}}