{"id":468,"date":"2024-09-17T14:34:57","date_gmt":"2024-09-17T07:34:57","guid":{"rendered":"https:\/\/chanhthu.com\/?post_type=product&#038;p=468"},"modified":"2024-09-17T14:34:59","modified_gmt":"2024-09-17T07:34:59","slug":"duriqueen-sau-rieng-cap-dong-nguyen-trai","status":"publish","type":"product","link":"https:\/\/chanhthu.com\/zh\/duriqueen-sau-rieng-cap-dong-nguyen-trai\/","title":{"rendered":"DuriQueen &#8211; S\u1ea7u ri\u00eang c\u1ea5p \u0111\u00f4ng nguy\u00ean tr\u00e1i"},"content":{"rendered":"<p><img decoding=\"async\" class=\"aligncenter size-full wp-image-471\" src=\"https:\/\/chanhthu.com\/wp-content\/uploads\/2024\/09\/0U7A5653.jpg\" alt=\"\" width=\"1600\" height=\"1067\" srcset=\"https:\/\/chanhthu.com\/wp-content\/uploads\/2024\/09\/0U7A5653.jpg 1600w, https:\/\/chanhthu.com\/wp-content\/uploads\/2024\/09\/0U7A5653-534x356.jpg 534w, https:\/\/chanhthu.com\/wp-content\/uploads\/2024\/09\/0U7A5653-300x200.jpg 300w, https:\/\/chanhthu.com\/wp-content\/uploads\/2024\/09\/0U7A5653-1024x683.jpg 1024w, https:\/\/chanhthu.com\/wp-content\/uploads\/2024\/09\/0U7A5653-768x512.jpg 768w, https:\/\/chanhthu.com\/wp-content\/uploads\/2024\/09\/0U7A5653-1536x1024.jpg 1536w, https:\/\/chanhthu.com\/wp-content\/uploads\/2024\/09\/0U7A5653-18x12.jpg 18w\" sizes=\"(max-width: 1600px) 100vw, 1600px\" \/><\/p>\n<p>&nbsp;<\/p>\n<p>&nbsp;<\/p>\n<p><img decoding=\"async\" class=\"aligncenter size-full wp-image-470\" src=\"https:\/\/chanhthu.com\/wp-content\/uploads\/2024\/09\/0U7A5650.jpg\" alt=\"\" width=\"1600\" height=\"1067\" srcset=\"https:\/\/chanhthu.com\/wp-content\/uploads\/2024\/09\/0U7A5650.jpg 1600w, https:\/\/chanhthu.com\/wp-content\/uploads\/2024\/09\/0U7A5650-534x356.jpg 534w, https:\/\/chanhthu.com\/wp-content\/uploads\/2024\/09\/0U7A5650-300x200.jpg 300w, https:\/\/chanhthu.com\/wp-content\/uploads\/2024\/09\/0U7A5650-1024x683.jpg 1024w, https:\/\/chanhthu.com\/wp-content\/uploads\/2024\/09\/0U7A5650-768x512.jpg 768w, https:\/\/chanhthu.com\/wp-content\/uploads\/2024\/09\/0U7A5650-1536x1024.jpg 1536w, https:\/\/chanhthu.com\/wp-content\/uploads\/2024\/09\/0U7A5650-18x12.jpg 18w\" sizes=\"(max-width: 1600px) 100vw, 1600px\" \/><\/p>\n<p>&nbsp;<\/p>\n<p>&nbsp;<\/p>\n<figure id=\"attachment_473\" aria-describedby=\"caption-attachment-473\" style=\"width: 1067px\" class=\"wp-caption aligncenter\"><img decoding=\"async\" class=\"size-full wp-image-473\" src=\"https:\/\/chanhthu.com\/wp-content\/uploads\/2024\/09\/0U7A5670-rotated.jpg\" alt=\"DuriQueen - Whole Frozen Ri6 Durian\" width=\"1067\" height=\"1600\" data-sitemapexclude=\"true\" srcset=\"https:\/\/chanhthu.com\/wp-content\/uploads\/2024\/09\/0U7A5670-rotated.jpg 1067w, https:\/\/chanhthu.com\/wp-content\/uploads\/2024\/09\/0U7A5670-rotated-534x801.jpg 534w, https:\/\/chanhthu.com\/wp-content\/uploads\/2024\/09\/0U7A5670-200x300.jpg 200w, https:\/\/chanhthu.com\/wp-content\/uploads\/2024\/09\/0U7A5670-683x1024.jpg 683w, https:\/\/chanhthu.com\/wp-content\/uploads\/2024\/09\/0U7A5670-768x1152.jpg 768w, https:\/\/chanhthu.com\/wp-content\/uploads\/2024\/09\/0U7A5670-1024x1536.jpg 1024w, https:\/\/chanhthu.com\/wp-content\/uploads\/2024\/09\/0U7A5670-8x12.jpg 8w\" sizes=\"(max-width: 1067px) 100vw, 1067px\" \/><figcaption id=\"caption-attachment-473\" class=\"wp-caption-text\">DuriQueen &#8211; Whole Frozen Ri6 Durian<\/figcaption><\/figure>","protected":false},"excerpt":{"rendered":"<p>&nbsp; &nbsp; &nbsp; &nbsp;<\/p>","protected":false},"featured_media":469,"comment_status":"open","ping_status":"closed","template":"","meta":[],"product_brand":[],"product_cat":[15],"product_tag":[],"class_list":{"0":"post-468","1":"product","2":"type-product","3":"status-publish","4":"has-post-thumbnail","6":"product_cat-trai-cay-khac","8":"first","9":"instock","10":"shipping-taxable","11":"product-type-simple"},"_links":{"self":[{"href":"https:\/\/chanhthu.com\/zh\/wp-json\/wp\/v2\/product\/468","targetHints":{"allow":["GET"]}}],"collection":[{"href":"https:\/\/chanhthu.com\/zh\/wp-json\/wp\/v2\/product"}],"about":[{"href":"https:\/\/chanhthu.com\/zh\/wp-json\/wp\/v2\/types\/product"}],"replies":[{"embeddable":true,"href":"https:\/\/chanhthu.com\/zh\/wp-json\/wp\/v2\/comments?post=468"}],"wp:featuredmedia":[{"embeddable":true,"href":"https:\/\/chanhthu.com\/zh\/wp-json\/wp\/v2\/media\/469"}],"wp:attachment":[{"href":"https:\/\/chanhthu.com\/zh\/wp-json\/wp\/v2\/media?parent=468"}],"wp:term":[{"taxonomy":"product_brand","embeddable":true,"href":"https:\/\/chanhthu.com\/zh\/wp-json\/wp\/v2\/product_brand?post=468"},{"taxonomy":"product_cat","embeddable":true,"href":"https:\/\/chanhthu.com\/zh\/wp-json\/wp\/v2\/product_cat?post=468"},{"taxonomy":"product_tag","embeddable":true,"href":"https:\/\/chanhthu.com\/zh\/wp-json\/wp\/v2\/product_tag?post=468"}],"curies":[{"name":"wp","href":"https:\/\/api.w.org\/{rel}","templated":true}]}}